{"id":2414,"date":"2025-08-12T16:38:18","date_gmt":"2025-08-12T16:38:18","guid":{"rendered":"https:\/\/rs.quarticon.com\/?page_id=2414"},"modified":"2025-09-11T13:31:39","modified_gmt":"2025-09-11T13:31:39","slug":"know-how","status":"publish","type":"page","link":"https:\/\/help.quarticon.com\/pl\/know-how\/","title":{"rendered":"Know-how"},"content":{"rendered":"<h2>Cookie 1p\/3p<\/h2>\n<p><a href=\"\/pl\/first-a-third-party-cookies-czym-sie-roznia\/\">First- a third- party cookies: czym si\u0119 r\u00f3\u017cni\u0105?<\/a><\/p>\n<h2>Strategie rekomendowania produkt\u00f3w w sklepie<\/h2>\n<p><a href=\"\/pl\/dlaczego-warto-skorzystac-z-powiadomien-typu-social-proof\/\">Dlaczego warto skorzysta\u0107 z powiadomie\u0144 typu social proof?<\/a><\/p>\n<p><a href=\"\/pl\/przyklady-dobrych-praktyk-rekomendacyjnych-ktore-zastosujesz-w-5-minut\/\">Przyk\u0142ady dobrych praktyk rekomendacyjnych, kt\u00f3re zastosujesz w 5 minut<\/a><\/p>\n<p><a href=\"\/pl\/najlepszy-pop-up-dla-e-commerce\/\">Najlepszy pop-up dla e-commerce<\/a><\/p>\n<p><a href=\"\/pl\/jak-osiagnac-zysk-z-kampanii-reklamowej\/\">Jak osi\u0105gn\u0105\u0107 zysk z kampanii reklamowej?<\/a><\/p>\n<p><a href=\"\/pl\/skuteczna-strona-produktowa-w-7-krokach-czesc-pierwsza\/\">Skuteczna strona produktowa w 7 krokach, cz\u0119\u015b\u0107 pierwsza<\/a><\/p>\n<p><a href=\"\/pl\/skuteczna-strona-produktowaw-7-krokach-czesc-druga\/\">Skuteczna strona produktowa\\nw 7 krokach, cz\u0119\u015b\u0107 druga<\/a><\/p>\n<p><a href=\"\/pl\/strategia-up-selling\/\">Strategia up-selling<\/a><\/p>\n<p><a href=\"\/pl\/jak-zmaksymalizowac-zysk-z-jednej-transakcji\/\">Jak zmaksymalizowa\u0107 zysk z jednej transakcji<\/a><\/p>\n<p><a href=\"\/pl\/produkt-niedostepny-w-sklepie-tez-moze-sprzedawac\/\">Produkt niedost\u0119pny w sklepie te\u017c mo\u017ce sprzedawa\u0107!<\/a><\/p>\n<p><a href=\"\/pl\/warunki-dostawy-a-rentownosc-w-e-commerce\/\">Warunki dostawy a rentowno\u015b\u0107 w e-commerce<\/a><\/p>\n<p><a href=\"\/pl\/strona-koszyka-czy-jeszczesprzedawac\/\">Strona koszyka: czy jeszcze\\nsprzedawa\u0107?<\/a><\/p>\n<p><a href=\"\/pl\/twoj-koszyk-jest-pusty\/\">Tw\u00f3j koszyk jest pusty!<\/a><\/p>\n<p><a href=\"\/pl\/status-zamowienia-generujacydodatkowa-sprzedaz\/\">Status zam\u00f3wienia generuj\u0105cy\\ndodatkow\u0105 sprzeda\u017c<\/a><\/p>\n<p><a href=\"\/pl\/jak-wykorzystac-potencjal-thank-you-page\/\">Jak wykorzysta\u0107 potencja\u0142 Thank You Page?<\/a><\/p>\n<p><a href=\"\/pl\/strona-bledu-404-ktora-konwertuje\/\">Strona b\u0142\u0119du 404, kt\u00f3ra konwertuje<\/a><\/p>\n<p><a href=\"\/pl\/unikaj-strony-z-brakiem-wyszukiwania\/\">Unikaj strony z brakiem wyszukiwania<\/a><\/p>\n<p><a href=\"\/pl\/jak-zawrocic-klienta-do-sklepu\/\">Jak zawr\u00f3ci\u0107 klienta do sklepu?<\/a><\/p>\n<h2>Wska\u017aniki e-commerce (KPIs)<\/h2>\n<p><a href=\"\/pl\/podstawowe-wskazniki-w-ecommerce\/\">Podstawowe wska\u017aniki w e\u2011commerce<\/a><\/p>\n<p><a href=\"\/pl\/jakie-kpi-podnosi-quarticon\/\">Jakie KPI podnosi QuarticOn?<\/a><\/p>\n<p><a href=\"\/pl\/jak-mierzyc-clv\/\">Jak mierzy\u0107 CLV?<\/a><\/p>\n<p><a href=\"\/pl\/jak-mierzyc-roi-w-ecommerce\/\">Jak mierzy\u0107 ROI w e\u2011commerce?<\/a><\/p>\n<p><a href=\"\/pl\/czym-jest-aov\/\">Czym jest AOV?<\/a><\/p>\n<p><a href=\"\/pl\/co-ma-wplyw-na-aov\/\">Co ma wp\u0142yw na AOV?<\/a><\/p>\n<p><a href=\"\/pl\/jak-mierzyc-car-cart-abandonment-rate\/\">Jak mierzy\u0107 CAR (Cart Abandonment Rate)?<\/a><\/p>\n<p><a href=\"\/pl\/ocr-w-e-commerce\/\">OCR w e-commerce<\/a><\/p>\n<p><a href=\"\/pl\/co-to-jest-ccr-cart-completion-rate\/\">Co to jest CCR (Cart Completion Rate)?<\/a><\/p>\n<p><a href=\"\/pl\/ccr-w-e-commerce\/\">CCR w e-commerce<\/a><\/p>\n<p><a href=\"\/pl\/cac-w-e-commerce\/\">CAC w e-commerce<\/a><\/p>\n<p><a href=\"\/pl\/dlaczego-warto-mierzyc-roas\/\">Dlaczego warto mierzy\u0107 ROAS?<\/a><\/p>\n<p><a href=\"\/pl\/marza-brutto-jak-ja-mierzyc-w-ecommerce\/\">Mar\u017ca brutto, jak j\u0105 mierzy\u0107 w e\u2011commerce?<\/a><\/p>\n<p><a href=\"\/pl\/jak-obnizyc-bounce-rate-w-ecommerce\/\">Jak obni\u017cy\u0107 bounce rate w e\u2011commerce?<\/a><\/p>\n<p><a href=\"\/pl\/jakie-czynniki-maja-wplyw-na-bounce-rate\/\">Jakie czynniki maj\u0105 wp\u0142yw na bounce rate?<\/a><\/p>\n<h2>E-mail marketing automation<\/h2>\n<p><a href=\"\/pl\/czym-jest-marketing-automation\/\">Czym jest marketing automation?<\/a><\/p>\n<p><a href=\"\/pl\/marketing-automation-fakty-i-mity\/\">Marketing automation \u2013 fakty i mity<\/a><\/p>\n<p><a href=\"\/pl\/5-zastosowan-marketing-automation\/\">5 zastosowa\u0144 marketing automation<\/a><\/p>\n<p><a href=\"\/pl\/dlaczego-stopka-to-najwazniejszy-element-newslettera\/\">Dlaczego stopka to najwa\u017cniejszy element newslettera?<\/a><\/p>\n<p><a href=\"NA\">Im mniej, tym lepiej&#8230; czyli s\u0142\u00f3w kilka o fontach w e-mailingu<\/a><\/p>\n<p><a href=\"\/pl\/zastosowanie-sztucznej-inteligencji-w-marketing-automation\/\">Zastosowanie sztucznej inteligencji w marketing automation<\/a><\/p>\n<p><a href=\"\/pl\/jak-planowac-skuteczne-cykle-komunikacji-z-odbiorcami\/\">Jak planowa\u0107 skuteczne cykle komunikacji z odbiorcami?<\/a><\/p>\n<p><a href=\"\/pl\/dlaczego-warto-personalizowac-komunikacje-z-klientami\/\">Dlaczego warto personalizowa\u0107 komunikacj\u0119 z klientami?<\/a><\/p>\n<p><a href=\"\/pl\/5-najczestszych-bledow-popelnianych-w-komunikacji-z-klientami\/\">5 najcz\u0119stszych b\u0142\u0119d\u00f3w pope\u0142nianych w komunikacji z klientami<\/a><\/p>\n<p><a href=\"\/pl\/4-najczestsze-bledy-podczas-wdrazania-narzedzi-marketing-automation\/\">4 najcz\u0119stsze b\u0142\u0119dy podczas wdra\u017cania narz\u0119dzi marketing automation<\/a><\/p>\n<p><a href=\"\/pl\/5-zlotych-zasad-przy-komponowaniu-wiadomosci-e-mail-do-klienta\/\">5 z\u0142otych zasad przy komponowaniu wiadomo\u015bci e-mail do klienta<\/a><\/p>\n<p><a href=\"\/pl\/jak-marketing-automation-pomaga-odzyskac-porzucone-koszyki\/\">Jak marketing automation pomaga odzyska\u0107 porzucone koszyki?<\/a><\/p>\n<p><a href=\"\/pl\/jak-korzystac-z-e-mail-marketingu-aby-zwiekszyc-konwersje-w-swoim-sklepie-internetowym\/\">Jak korzysta\u0107 z e-mail marketingu, aby zwi\u0119kszy\u0107 konwersj\u0119 w swoim sklepie internetowym?<\/a><\/p>\n<h2>Platformy e-commerce<\/h2>\n<p><a href=\"\/pl\/kiedy-warto-zaczac-korzystac-z-platformy-sklepowej\/\">Kiedy warto zacz\u0105\u0107 korzysta\u0107 z platformy sklepowej?<\/a><\/p>\n<p><a href=\"\/pl\/5-zasad-przy-wyborze-platformy-e-commerce-dla-twojego-sklepu\/\">5 zasad przy wyborze platformy e-commerce dla Twojego sklepu<\/a><\/p>\n<p><a href=\"\/pl\/shopify-5-kluczowych-funkcjonalnosci\/\">Shopify \u2013 5 kluczowych funkcjonalno\u015bci<\/a><\/p>\n<p><a href=\"\/pl\/shopify-skuteczne-rozwiazanie-dla-e-commerce\/\">Shopify \u2013 skuteczne rozwi\u0105zanie dla e-commerce<\/a><\/p>\n<h2>SEO<\/h2>\n<p><a href=\"\/pl\/jakie-efekty-daje-pozycjonowanie-strony-zobacz-konkretne-przyklady\/\">Jakie efekty daje pozycjonowanie strony? Zobacz konkretne przyk\u0142ady<\/a><\/p>\n<p><a href=\"\/pl\/optymalizacja-seo-w-e-sklepie-czyli-4-obszary-dzieki-ktorym-zwiekszysz-sprzedaz\/\">Optymalizacja SEO w e-sklepie, czyli 4 obszary dzi\u0119ki kt\u00f3rym zwi\u0119kszysz sprzeda\u017c<\/a><\/p>\n<h2>QuarticOn i Przyjaciele o marketingu internetowym<\/h2>\n<p><a href=\"\/pl\/dlaczego-personalizacja-w-sklepie-internetowym-jest-koniecznoscia\/\">Dlaczego personalizacja w sklepie internetowym jest konieczno\u015bci\u0105?<\/a><\/p>\n<p><a href=\"\/pl\/dlaczego-warto-zaufac-sztucznej-inteligencji-w-e-commerce\/\">Dlaczego warto zaufa\u0107 sztucznej inteligencji w e-commerce?<\/a><\/p>\n<p><a href=\"\/pl\/czy-ai-jest-madrzejsza-od-czlowieka\/\">Czy AI jest m\u0105drzejsza od cz\u0142owieka?<\/a><\/p>\n<p><a href=\"\/pl\/czym-jest-sztuczna-inteligencja\/\">Czym jest sztuczna inteligencja?<\/a><\/p>\n<p><a href=\"\/pl\/czym-jest-performance-marketing-i-dlaczego-warto-optymalizowac-dzialania-reklamowe-w-e-commerce\/\">Czym jest performance marketing i dlaczego warto optymalizowa\u0107 dzia\u0142ania reklamowe w e-commerce?<\/a><\/p>\n<p><a href=\"\/pl\/10-bledow-ktore-popelniaja-sklepy-internetowe\/\">10 b\u0142\u0119d\u00f3w, kt\u00f3re pope\u0142niaj\u0105 sklepy internetowe<\/a><\/p>\n<p><a href=\"\/pl\/5-powodow-dla-ktorych-klienci-porzucaja-koszyki\/\">5 powod\u00f3w, dla kt\u00f3rych klienci porzucaj\u0105 koszyki<\/a><\/p>\n<p><a href=\"\/pl\/5-sposobow-na-ratowanie-porzuconych-koszykow\/\">5 sposob\u00f3w na ratowanie porzuconych koszyk\u00f3w<\/a><\/p>\n<p><a href=\"\/pl\/churn-czyli-cykl-zycia-klienta-w-ecommerce\/\">Churn, czyli cykl \u017cycia klienta w e\u2011commerce<\/a><\/p>\n<p><a href=\"\/pl\/co-wiesz-o-swoich-klientach-segmentacja-klientow-w-e-sklepie\/\">Co wiesz o swoich klientach? Segmentacja klient\u00f3w w e-sklepie<\/a><\/p>\n<p><a href=\"\/pl\/jak-dobrze-pisac-teksty-content-marketingowe-dla-e-commerce\/\">Jak dobrze pisa\u0107 teksty content marketingowe dla e-commerce?<\/a><\/p>\n<p><a href=\"\/pl\/czy-warto-brac-udzial-w-black-friday\/\">Czy warto bra\u0107 udzia\u0142 w Black Friday?<\/a><\/p>\n<p><a href=\"\/pl\/kanaly-social-media-przydatne-w-e-commerce\/\">Kana\u0142y social media przydatne w e-commerce<\/a><\/p>\n<p><a href=\"\/pl\/co-to-sa-oznaczenia-utm-w-linkach\/\">Co to s\u0105 oznaczenia UTM w linkach?<\/a><\/p>\n<p><a href=\"\/pl\/jak-tworzyc-tagi-utm-w-linkach\/\">Jak tworzy\u0107 tagi UTM w linkach?<\/a><\/p>\n<p><a href=\"\/pl\/jak-wygenerowac-feed-produktowy-dla-google-shopping\/\">Jak wygenerowa\u0107 feed produktowy dla Google Shopping?<\/a><\/p>\n<p><a href=\"\/pl\/jakie-umiejetnosci-powinien-posiadac-analityk-e-commerce\/\">Jakie umiej\u0119tno\u015bci powinien posiada\u0107 analityk e-commerce?<\/a><\/p>\n<p><a href=\"\/pl\/google-analytics-w-ecommerce\/\">Google Analytics w e\u2011commerce<\/a><\/p>\n<p><a href=\"\/pl\/czym-sa-google-analytics-i-enhanced-e-commerce\/\">Czym s\u0105 Google Analytics i Enhanced E-commerce?<\/a><\/p>\n<p><a href=\"\/pl\/jak-przygotowac-e-commerce-do-swiat-bozego-narodzenia\/\">Jak przygotowa\u0107 e-commerce do \u015bwi\u0105t Bo\u017cego Narodzenia?<\/a><\/p>\n<p><a href=\"\/pl\/wszystko-co-powinniscie-wiedziec-o-migracji-serwisu-czyli-lista-dobrych-praktyk\/\">Wszystko, co powinni\u015bcie wiedzie\u0107 o migracji serwisu, czyli lista dobrych praktyk<\/a><\/p>\n<p><a href=\"\/pl\/emocje-w-komunikacji-w-dobie-marketing-automation\/\">Emocje w komunikacji w dobie marketing automation<\/a><\/p>\n","protected":false},"excerpt":{"rendered":"<p>Cookie 1p\/3p First- a third- party cookies: czym si\u0119 r\u00f3\u017cni\u0105? Strategie rekomendowania produkt\u00f3w w sklepie Dlaczego warto skorzysta\u0107 z powiadomie\u0144 typu social proof? Przyk\u0142ady dobrych praktyk rekomendacyjnych, kt\u00f3re zastosujesz w 5 minut Najlepszy pop-up dla [&hellip;]<\/p>\n","protected":false},"author":1,"featured_media":0,"parent":0,"menu_order":0,"comment_status":"closed","ping_status":"closed","template":"","meta":{"footnotes":""},"class_list":["post-2414","page","type-page","status-publish","hentry"],"aioseo_notices":[],"_links":{"self":[{"href":"https:\/\/help.quarticon.com\/pl\/wp-json\/wp\/v2\/pages\/2414","targetHints":{"allow":["GET"]}}],"collection":[{"href":"https:\/\/help.quarticon.com\/pl\/wp-json\/wp\/v2\/pages"}],"about":[{"href":"https:\/\/help.quarticon.com\/pl\/wp-json\/wp\/v2\/types\/page"}],"author":[{"embeddable":true,"href":"https:\/\/help.quarticon.com\/pl\/wp-json\/wp\/v2\/users\/1"}],"replies":[{"embeddable":true,"href":"https:\/\/help.quarticon.com\/pl\/wp-json\/wp\/v2\/comments?post=2414"}],"version-history":[{"count":2,"href":"https:\/\/help.quarticon.com\/pl\/wp-json\/wp\/v2\/pages\/2414\/revisions"}],"predecessor-version":[{"id":2442,"href":"https:\/\/help.quarticon.com\/pl\/wp-json\/wp\/v2\/pages\/2414\/revisions\/2442"}],"wp:attachment":[{"href":"https:\/\/help.quarticon.com\/pl\/wp-json\/wp\/v2\/media?parent=2414"}],"curies":[{"name":"wp","href":"https:\/\/api.w.org\/{rel}","templated":true}]}}