{"id":2411,"date":"2025-08-12T16:36:58","date_gmt":"2025-08-12T16:36:58","guid":{"rendered":"https:\/\/rs.quarticon.com\/?page_id=2411"},"modified":"2025-09-11T13:39:24","modified_gmt":"2025-09-11T13:39:24","slug":"uslugi","status":"publish","type":"page","link":"https:\/\/help.quarticon.com\/pl\/uslugi\/","title":{"rendered":"Us\u0142ugi"},"content":{"rendered":"<h2>Us\u0142ugi<\/h2>\n<p><a href=\"\/pl\/pakiety-wsparcia-technicznego-it-dla-klientow-quarticon\/\">Pakiety wsparcia technicznego IT dla klient\u00f3w QuarticOn<\/a><\/p>\n<p><a href=\"\/pl\/first-party-cookie\/\">First-party cookie<\/a><\/p>\n<p><a href=\"\/pl\/instrukcja-wdrozenia-first-party-cookie\/\">Instrukcja wdro\u017cenia first-party cookie<\/a><\/p>\n","protected":false},"excerpt":{"rendered":"<p>Us\u0142ugi Pakiety wsparcia technicznego IT dla klient\u00f3w QuarticOn First-party cookie Instrukcja wdro\u017cenia first-party cookie<\/p>\n","protected":false},"author":1,"featured_media":0,"parent":0,"menu_order":0,"comment_status":"closed","ping_status":"closed","template":"","meta":{"footnotes":""},"class_list":["post-2411","page","type-page","status-publish","hentry"],"aioseo_notices":[],"_links":{"self":[{"href":"https:\/\/help.quarticon.com\/pl\/wp-json\/wp\/v2\/pages\/2411","targetHints":{"allow":["GET"]}}],"collection":[{"href":"https:\/\/help.quarticon.com\/pl\/wp-json\/wp\/v2\/pages"}],"about":[{"href":"https:\/\/help.quarticon.com\/pl\/wp-json\/wp\/v2\/types\/page"}],"author":[{"embeddable":true,"href":"https:\/\/help.quarticon.com\/pl\/wp-json\/wp\/v2\/users\/1"}],"replies":[{"embeddable":true,"href":"https:\/\/help.quarticon.com\/pl\/wp-json\/wp\/v2\/comments?post=2411"}],"version-history":[{"count":2,"href":"https:\/\/help.quarticon.com\/pl\/wp-json\/wp\/v2\/pages\/2411\/revisions"}],"predecessor-version":[{"id":2451,"href":"https:\/\/help.quarticon.com\/pl\/wp-json\/wp\/v2\/pages\/2411\/revisions\/2451"}],"wp:attachment":[{"href":"https:\/\/help.quarticon.com\/pl\/wp-json\/wp\/v2\/media?parent=2411"}],"curies":[{"name":"wp","href":"https:\/\/api.w.org\/{rel}","templated":true}]}}