{"id":2405,"date":"2025-08-12T16:33:57","date_gmt":"2025-08-12T16:33:57","guid":{"rendered":"https:\/\/rs.quarticon.com\/?page_id=2405"},"modified":"2025-09-11T13:36:23","modified_gmt":"2025-09-11T13:36:23","slug":"reklama","status":"publish","type":"page","link":"https:\/\/help.quarticon.com\/pl\/reklama\/","title":{"rendered":"Reklama"},"content":{"rendered":"<h2>Narz\u0119dzia reklamowe<\/h2>\n<p><a href=\"\/pl\/jak-utworzyc-baner\/\">Jak utworzy\u0107 baner?<\/a><\/p>\n<p><a href=\"\/pl\/jak-utworzyc-baner-dla-uzytkownikow-odwiedzajacych-dana-kategorie\/\">Jak utworzy\u0107 baner dla u\u017cytkownik\u00f3w odwiedzaj\u0105cych dan\u0105 kategori\u0119?<\/a><\/p>\n<p><a href=\"\/pl\/jak-przygotowac-kreacje-graficzne-do-wdrozenia-pop-upu\/\">Jak przygotowa\u0107 kreacje graficzne do wdro\u017cenia pop-upu?<\/a><\/p>\n<p><a href=\"\/pl\/jakie-pop-upy-dostepne-sa-w-ofercie\/\">Jakie pop-upy dost\u0119pne s\u0105 w ofercie?<\/a><\/p>\n<p><a href=\"\/pl\/faq-platformy\/\">FAQ<\/a><\/p>\n","protected":false},"excerpt":{"rendered":"<p>Narz\u0119dzia reklamowe Jak utworzy\u0107 baner? Jak utworzy\u0107 baner dla u\u017cytkownik\u00f3w odwiedzaj\u0105cych dan\u0105 kategori\u0119? Jak przygotowa\u0107 kreacje graficzne do wdro\u017cenia pop-upu? Jakie pop-upy dost\u0119pne s\u0105 w ofercie? FAQ<\/p>\n","protected":false},"author":1,"featured_media":0,"parent":0,"menu_order":0,"comment_status":"closed","ping_status":"closed","template":"","meta":{"footnotes":""},"class_list":["post-2405","page","type-page","status-publish","hentry"],"aioseo_notices":[],"_links":{"self":[{"href":"https:\/\/help.quarticon.com\/pl\/wp-json\/wp\/v2\/pages\/2405","targetHints":{"allow":["GET"]}}],"collection":[{"href":"https:\/\/help.quarticon.com\/pl\/wp-json\/wp\/v2\/pages"}],"about":[{"href":"https:\/\/help.quarticon.com\/pl\/wp-json\/wp\/v2\/types\/page"}],"author":[{"embeddable":true,"href":"https:\/\/help.quarticon.com\/pl\/wp-json\/wp\/v2\/users\/1"}],"replies":[{"embeddable":true,"href":"https:\/\/help.quarticon.com\/pl\/wp-json\/wp\/v2\/comments?post=2405"}],"version-history":[{"count":2,"href":"https:\/\/help.quarticon.com\/pl\/wp-json\/wp\/v2\/pages\/2405\/revisions"}],"predecessor-version":[{"id":2446,"href":"https:\/\/help.quarticon.com\/pl\/wp-json\/wp\/v2\/pages\/2405\/revisions\/2446"}],"wp:attachment":[{"href":"https:\/\/help.quarticon.com\/pl\/wp-json\/wp\/v2\/media?parent=2405"}],"curies":[{"name":"wp","href":"https:\/\/api.w.org\/{rel}","templated":true}]}}