{"id":2402,"date":"2025-08-12T16:32:56","date_gmt":"2025-08-12T16:32:56","guid":{"rendered":"https:\/\/rs.quarticon.com\/?page_id=2402"},"modified":"2025-09-11T13:29:06","modified_gmt":"2025-09-11T13:29:06","slug":"cdxp","status":"publish","type":"page","link":"https:\/\/help.quarticon.com\/pl\/cdxp\/","title":{"rendered":"CDXP"},"content":{"rendered":"<p>Uwaga. Us\u0142uga wycofana!<\/p>\n<h2>Wst\u0119p<\/h2>\n<p><a href=\"\/pl\/qon-api-contact-synchronisation-en\/\">QON API contact synchronisation (EN)<\/a><\/p>\n<h2>Kampanie e-mail<\/h2>\n<p><a href=\"\/pl\/dobre-praktyki-przy-wysylce-e-maili\/\">Dobre praktyki przy wysy\u0142ce e-maili<\/a><\/p>\n<p><a href=\"\/pl\/przeglad-typow-kampanii\/\">Przegl\u0105d typ\u00f3w kampanii<\/a><\/p>\n<p><a href=\"\/pl\/raporty-skutecznosci-kampanii\/\">Raporty skuteczno\u015bci kampanii<\/a><\/p>\n<p><a href=\"\/pl\/przewodnik-po-bibliotece-szablonow-e-mail-edytowanie-tworzenie-zapisywanie\/\">Przewodnik po bibliotece szablon\u00f3w e-mail: edytowanie, tworzenie, zapisywanie<\/a><\/p>\n<p><a href=\"\/pl\/przeglad-typow-szablonow-wiadomosci-email\/\">Przegl\u0105d typ\u00f3w szablon\u00f3w wiadomo\u015bci e\u2011mail<\/a><\/p>\n<p><a href=\"\/pl\/jak-stworzyc-szablon-wiadomosci-e-mail-od-zera\/\">Jak stworzy\u0107 szablon wiadomo\u015bci e-mail od zera?<\/a><\/p>\n<p><a href=\"\/pl\/jak-zaimportowac-szablon-utworzony-w-cdxp-i-udostepniony-za-pomoca-linku\/\">Jak zaimportowa\u0107 szablon utworzony w CDXP i udost\u0119pniony za pomoc\u0105 linku?<\/a><\/p>\n<p><a href=\"\/pl\/najlepsze-praktyki-przy-dodawaniu-obrazow-do-wiadomosci-e-mail\/\">Najlepsze praktyki przy dodawaniu obraz\u00f3w do wiadomo\u015bci e-mail<\/a><\/p>\n<p><a href=\"\/pl\/jak-korzystac-z-tresci-warunkowych-conditional-content-w-wiadomosciach-email\/\">Jak korzysta\u0107 z tre\u015bci warunkowych (Conditional Content) w wiadomo\u015bciach e\u2011mail?<\/a><\/p>\n<p><a href=\"\/pl\/jak-uzywac-opcje-tresci-zmiennych-message-variables-w-kampaniach-e-mail\/\">Jak u\u017cywa\u0107 opcj\u0119 tre\u015bci zmiennych (Message Variables) w kampaniach e-mail?<\/a><\/p>\n<p><a href=\"\/pl\/jak-wysylac-kody-rabatowe-do-kontaktow\/\">Jak wysy\u0142a\u0107 kody rabatowe do kontakt\u00f3w?<\/a><\/p>\n<p><a href=\"\/pl\/jak-moge-zmienic-nazwe-i-adres-e-mail-nadawcy-w-mojej-kampanii\/\">Jak mog\u0119 zmieni\u0107 nazw\u0119 i adres e-mail nadawcy w mojej kampanii?<\/a><\/p>\n<p><a href=\"\/pl\/jak-dodac-link-web-copy-do-projektu-wiadomosci-e-maila\/\">Jak doda\u0107 link web copy do projektu wiadomo\u015bci e-maila?<\/a><\/p>\n<p><a href=\"\/pl\/jak-wyslac-kampanie-e-mail-typu-textonly\/\">Jak wys\u0142a\u0107 kampani\u0119 e-mail typu text\u2011only?<\/a><\/p>\n<p><a href=\"\/pl\/jak-utworzyc-kampanie-typu-split-test\/\">Jak utworzy\u0107 kampani\u0119 typu split-test?<\/a><\/p>\n<p><a href=\"\/pl\/jak-utworzyc-kampanie-typu-autoresponder\/\">Jak utworzy\u0107 kampani\u0119 typu auto\u2011responder?<\/a><\/p>\n<p><a href=\"\/pl\/jak-wyslac-kampanie-oparta-na-dacie\/\">Jak wys\u0142a\u0107 kampani\u0119 opart\u0105 na dacie?<\/a><\/p>\n<p><a href=\"\/pl\/jak-przetestowac-swoja-kampanie-przed-wysylka\/\">Jak przetestowa\u0107 swoj\u0105 kampani\u0119 przed wysy\u0142k\u0105?<\/a><\/p>\n<p><a href=\"\/pl\/jak-wyslac-kampanie-ktora-juz-zostala-wyslana-wczesniej\/\">Jak wys\u0142a\u0107 kampani\u0119, kt\u00f3ra ju\u017c zosta\u0142a wys\u0142ana wcze\u015bniej?<\/a><\/p>\n<p><a href=\"\/pl\/jak-ponownie-wyslac-kampanie-do-okreslonych-kontaktow\/\">Jak ponownie wys\u0142a\u0107 kampani\u0119 do okre\u015blonych kontakt\u00f3w?<\/a><\/p>\n<p><a href=\"\/pl\/jak-wyslac-kampanie-do-jednego-kontaktu\/\">Jak wys\u0142a\u0107 kampani\u0119 do jednego kontaktu?<\/a><\/p>\n<h2>Klasyczny kreator e-mail drag&amp;drop<\/h2>\n<p><a href=\"\/pl\/przewodnik-po-klasycznym-kreatorze-e-mail-dragdrop\/\">Przewodnik po klasycznym kreatorze e-mail drag&amp;drop<\/a><\/p>\n<p><a href=\"\/pl\/jak-stworzyc-i-wyslac-kampanie-e-mail\/\">Jak stworzy\u0107 i wys\u0142a\u0107 kampani\u0119 e-mail?<\/a><\/p>\n<p><a href=\"\/pl\/jak-dodawac-linki-i-dzialania-do-linkow-w-wiadomosciach-e-mail\/\">Jak dodawa\u0107 linki i dzia\u0142ania do link\u00f3w w wiadomo\u015bciach e-mail?<\/a><\/p>\n<p><a href=\"\/pl\/dodawanie-linkow-spolecznosciowych-do-wiadomosci-e-mail\/\">Dodawanie link\u00f3w spo\u0142eczno\u015bciowych do wiadomo\u015bci e-mail<\/a><\/p>\n<p><a href=\"\/pl\/jak-dodac-kolumne-do-projektu-wiadomosci-e-mail\/\">Jak doda\u0107 kolumn\u0119 do projektu wiadomo\u015bci e-mail?<\/a><\/p>\n<p><a href=\"\/pl\/dodawanie-obrazow-i-grafik-do-wiadomosci-email\/\">Dodawanie obraz\u00f3w i grafik do wiadomo\u015bci e\u2011mail<\/a><\/p>\n<p><a href=\"\/pl\/jak-dodawac-gify-do-wiadomosci-e-mail\/\">Jak dodawa\u0107 GIFy do wiadomo\u015bci e-mail?<\/a><\/p>\n<p><a href=\"\/pl\/czym-jest-siatka-dopasowujaca-i-jak-z-niej-korzystac\/\">Czym jest siatka dopasowuj\u0105ca i jak z niej korzysta\u0107?<\/a><\/p>\n<p><a href=\"\/pl\/jak-korzystac-z-tresci-predykcyjnych-predictive-content-w-emailach\/\">Jak korzysta\u0107 z tre\u015bci predykcyjnych (Predictive content) w e\u2011mailach?<\/a><\/p>\n<h2>Kreator e-mail HTML<\/h2>\n<p><a href=\"\/pl\/jak-stworzyc-i-wyslac-kampanie-e-mail-w-formacie-html\/\">Jak stworzy\u0107 i wys\u0142a\u0107 kampani\u0119 e-mail w formacie HTML?<\/a><\/p>\n<p><a href=\"\/pl\/dobre-praktyki-przy-projektowaniu-wiadomosci-e-mail-w-formacie-html\/\">Dobre praktyki przy projektowaniu wiadomo\u015bci e-mail w formacie HTML<\/a><\/p>\n<h2>Tagi personalizacji<\/h2>\n<p><a href=\"\/pl\/tagi-personalizacji-wprowadzenie\/\">Tagi personalizacji \u2013 wprowadzenie<\/a><\/p>\n<p><a href=\"\/pl\/jak-wstawic-tagi-personalizacji-do-tresci-wiadomosci-e-mail\/\">Jak wstawi\u0107 tagi personalizacji do tre\u015bci wiadomo\u015bci e-mail?<\/a><\/p>\n<p><a href=\"\/pl\/jak-dodac-tag-personalizacji-do-tytulu-kampanii\/\">Jak doda\u0107 tag personalizacji do tytu\u0142u kampanii?<\/a><\/p>\n<h2>Uwierzytelnianie e-mail<\/h2>\n<p><a href=\"\/pl\/odbudowa-reputacji-po-zmianie-dostawcy-poczty-e-mail-plan-na-pierwsze-30-dni\/\">Odbudowa reputacji po zmianie dostawcy poczty e-mail: plan na pierwsze 30 dni<\/a><\/p>\n<p><a href=\"\/pl\/czym-sa-uwierzytelnienia-spf-dkim-i-dmarc\/\">Czym s\u0105 uwierzytelnienia SPF, DKIM i DMARC?<\/a><\/p>\n<p><a href=\"\/pl\/jak-skonfigurowac-rekordy-spf-dkim-i-dmarc\/\">Jak skonfigurowa\u0107 rekordy SPF, DKIM i DMARC?<\/a><\/p>\n<h2>Wst\u0119p do automatyzacji<\/h2>\n<p><a href=\"\/pl\/raport-skutecznosci-automatyzacji\/\">Raport skuteczno\u015bci automatyzacji<\/a><\/p>\n<p><a href=\"\/pl\/wprowadzenie-czym-sa-automatyzacje\/\">Wprowadzenie: czym s\u0105 automatyzacje?<\/a><\/p>\n<p><a href=\"\/pl\/kontakty-triggery-i-dzialania-czyli-bez-czego-nie-byloby-automatyzacji\/\">Kontakty, Triggery i Dzia\u0142ania, czyli bez czego nie by\u0142oby automatyzacji<\/a><\/p>\n<p><a href=\"\/pl\/jakie-triggery-mozesz-ustawiac-w-automatyzacjach-i-co-one-oznaczaja\/\">Jakie Triggery mo\u017cesz ustawia\u0107 w automatyzacjach i co one oznaczaj\u0105?<\/a><\/p>\n<p><a href=\"\/pl\/jak-poprawnie-skonfigurowac-triggery-czyli-kto-znajdzie-sie-w-twojej-automatyzacji\/\">Jak poprawnie skonfigurowa\u0107 triggery, czyli kto znajdzie si\u0119 w Twojej automatyzacji?<\/a><\/p>\n<p><a href=\"\/pl\/jakie-dzialania-mozesz-wykonac-w-automatyzacjach-i-co-one-oznaczaja\/\">Jakie Dzia\u0142ania mo\u017cesz wykona\u0107 w automatyzacjach i co one oznaczaj\u0105?<\/a><\/p>\n<p><a href=\"\/pl\/wysylka-e-maili-z-automatyzacji-do-kontaktow-bez-zgody-marketingowej\/\">Wysy\u0142ka e-maili z automatyzacji do kontakt\u00f3w bez zgody marketingowej<\/a><\/p>\n<h2>Budowanie automatyzacji<\/h2>\n<p><a href=\"\/pl\/jak-korzystac-z-kreatora-automatyzacji-wprowadzenie\/\">Jak korzysta\u0107 z kreatora automatyzacji? Wprowadzenie<\/a><\/p>\n<p><a href=\"\/pl\/twoja-pierwsza-automatyzacja-w-3-krokach\/\">Twoja pierwsza automatyzacja w 3 krokach<\/a><\/p>\n<p><a href=\"\/pl\/jak-stworzyc-automatyzacje-dla-scenariusza-porzuconego-koszyka\/\">Jak stworzy\u0107 automatyzacj\u0119 dla scenariusza porzuconego koszyka?<\/a><\/p>\n<p><a href=\"\/pl\/jak-korzystac-z-funkcji-predictive-sending\/\">Jak korzysta\u0107 z funkcji Predictive Sending?<\/a><\/p>\n<h2>CRM<\/h2>\n<p><a href=\"\/pl\/wstep-do-crm-czym-jest-i-do-czego-mozesz-go-wykorzystac\/\">Wst\u0119p do CRM: czym jest i do czego mo\u017cesz go wykorzysta\u0107?<\/a><\/p>\n<p><a href=\"\/pl\/kontakty-w-crm-wstep-i-podstawowe-dzialania\/\">Kontakty w CRM \u2013 wst\u0119p i podstawowe dzia\u0142ania<\/a><\/p>\n<p><a href=\"\/pl\/jak-uporzadkowac-swoje-kontakty-w-panelu-crm\/\">Jak uporz\u0105dkowa\u0107 swoje kontakty w panelu CRM<\/a><\/p>\n<p><a href=\"\/pl\/pipelines-stages-deals-i-tasks-czym-sa-i-do-czego-sluza\/\">Pipelines, stages, deals i tasks \u2013 czym s\u0105 i do czego s\u0142u\u017c\u0105?<\/a><\/p>\n<p><a href=\"\/pl\/jak-utworzyc-i-edytowac-pipeline-w-crm\/\">Jak utworzy\u0107 i edytowa\u0107 pipeline w CRM?<\/a><\/p>\n<p><a href=\"\/pl\/jak-stworzyc-i-edytowac-etapy-stages-w-pipelinach\/\">Jak stworzy\u0107 i edytowa\u0107 etapy (stages) w pipelinach?<\/a><\/p>\n<p><a href=\"\/pl\/jak-utworzyc-transakcje-deale-w-panelu-quarticon\/\">Jak utworzy\u0107 transakcje (deale) w panelu QuarticOn?<\/a><\/p>\n<p><a href=\"\/pl\/jak-utworzyc-zadanie-dla-transakcji-deala-w-pipelinie\/\">Jak utworzy\u0107 zadanie dla transakcji (deala) w pipelinie?<\/a><\/p>\n<p><a href=\"\/pl\/jak-automatycznie-przeniesc-transakcje-deal-z-jednego-etapu-w-pipelinie-do-drugiego\/\">Jak automatycznie przenie\u015b\u0107 transakcj\u0119 (deal) z jednego etapu w pipelinie do drugiego?<\/a><\/p>\n<h2>Zarz\u0105dzanie kontaktami<\/h2>\n<p><a href=\"\/pl\/raport-dotyczacy-tagow\/\">Raport dotycz\u0105cy tag\u00f3w<\/a><\/p>\n<p><a href=\"\/pl\/jak-stworzyc-liste-kontaktow-w-panelu-cdxp\/\">Jak stworzy\u0107 list\u0119 kontakt\u00f3w w panelu CDXP?<\/a><\/p>\n<p><a href=\"\/pl\/jak-dodawac-kontakty-do-list-odbiorcow-w-panelu-cdxp\/\">Jak dodawa\u0107 kontakty do list odbiorc\u00f3w w panelu CDXP?<\/a><\/p>\n<p><a href=\"\/pl\/jaka-jest-roznica-miedzy-listami-a-tagami\/\">Jaka jest r\u00f3\u017cnica mi\u0119dzy listami a tagami?<\/a><\/p>\n<p><a href=\"\/pl\/tagi-vs-pola-niestandardowe\/\">Tagi vs. Pola niestandardowe<\/a><\/p>\n<p><a href=\"\/pl\/kiedy-uzywac-pol-niestandardowych-i-tagow-w-organizowaniu-danych-o-kontaktach\/\">Kiedy u\u017cywa\u0107 p\u00f3l niestandardowych i tag\u00f3w w organizowaniu danych o kontaktach?<\/a><\/p>\n<p><a href=\"\/pl\/zarzadzanie-tagami-za-pomoca-tag-managera\/\">Zarz\u0105dzanie tagami za pomoc\u0105 Tag Managera<\/a><\/p>\n<p><a href=\"\/pl\/jak-recznie-dodac-tag-do-kontaktu\/\">Jak r\u0119cznie doda\u0107 tag do kontaktu?<\/a><\/p>\n<p><a href=\"\/pl\/tagowanie-kontaktow-dobre-praktyki\/\">Tagowanie kontakt\u00f3w: dobre praktyki<\/a><\/p>\n<p><a href=\"\/pl\/jak-dziala-tracking\/\">Jak dzia\u0142a tracking?<\/a><\/p>\n<h2>Segmentacja<\/h2>\n<p><a href=\"\/pl\/przewodnik-po-automatycznej-segmentacji-kontaktow\/\">Przewodnik po automatycznej segmentacji kontakt\u00f3w<\/a><\/p>\n<p><a href=\"\/pl\/jak-korzystac-z-funkcji-advanced-search\/\">Jak korzysta\u0107 z funkcji Advanced Search?<\/a><\/p>\n<p><a href=\"\/pl\/jak-tworzyc-segmenty-za-pomoca-opcji-advanced-search\/\">Jak tworzy\u0107 segmenty za pomoc\u0105 opcji Advanced Search?<\/a><\/p>\n<p><a href=\"\/pl\/jak-uzywac-logik-and-or-w-segmentach\/\">Jak u\u017cywa\u0107 logik AND\/OR w segmentach<\/a><\/p>\n<p><a href=\"\/pl\/jak-tworzyc-segmenty-podczas-procesu-tworzenia-kampanii\/\">Jak tworzy\u0107 segmenty podczas procesu tworzenia kampanii?<\/a><\/p>\n<p><a href=\"\/pl\/gdzie-znajduja-sie-utworzone-segmenty\/\">Gdzie znajduj\u0105 si\u0119 utworzone segmenty?<\/a><\/p>\n<p><a href=\"\/pl\/jak-edytowac-segment\/\">Jak edytowa\u0107 segment?<\/a><\/p>\n<p><a href=\"\/pl\/jak-usunac-segment\/\">Jak usun\u0105\u0107 segment?<\/a><\/p>\n<p><a href=\"\/pl\/jak-zapisac-czesto-uzywane-wyszukiwanie-kontaktow\/\">Jak zapisa\u0107 cz\u0119sto u\u017cywane wyszukiwanie kontakt\u00f3w?<\/a><\/p>\n<p><a href=\"\/pl\/jak-latwo-znalezc-puste-pola-w-rekordach-kontaktow-transakcji-i-deali\/\">Jak \u0142atwo znale\u017a\u0107 puste pola w rekordach kontakt\u00f3w, transakcji i deali?<\/a><\/p>\n<h2>Komunikacja omni-channel<\/h2>\n<p><a href=\"\/pl\/wiecej-niz-e-mail-przewodnik-po-wszystkich-opcjach-komunikacji-marketingowej\/\">Wi\u0119cej ni\u017c e-mail: przewodnik po wszystkich opcjach komunikacji marketingowej<\/a><\/p>\n<h2>System rekomendacji<\/h2>\n<p><a href=\"\/pl\/jak-stworzyc-plik-csv-z-transakcjami-do-importu-do-panelu-quarticon-cdxp\/\">Jak stworzy\u0107 plik CSV z transakcjami do importu do panelu QuarticOn CDXP?<\/a><\/p>\n<h2>Wiadomo\u015bci w witrynie www (Site messages)<\/h2>\n<p><a href=\"\/pl\/czy-moge-uzywac-emotikonow-w-funkcji-site-messages\/\">Czy mog\u0119 u\u017cywa\u0107 emotikon\u00f3w w funkcji site messages?<\/a><\/p>\n","protected":false},"excerpt":{"rendered":"<p>Uwaga. Us\u0142uga wycofana! Wst\u0119p QON API contact synchronisation (EN) Kampanie e-mail Dobre praktyki przy wysy\u0142ce e-maili Przegl\u0105d typ\u00f3w kampanii Raporty skuteczno\u015bci kampanii Przewodnik po bibliotece szablon\u00f3w e-mail: edytowanie, tworzenie, zapisywanie Przegl\u0105d typ\u00f3w szablon\u00f3w wiadomo\u015bci e\u2011mail [&hellip;]<\/p>\n","protected":false},"author":1,"featured_media":0,"parent":0,"menu_order":0,"comment_status":"closed","ping_status":"closed","template":"","meta":{"footnotes":""},"class_list":["post-2402","page","type-page","status-publish","hentry"],"aioseo_notices":[],"_links":{"self":[{"href":"https:\/\/help.quarticon.com\/pl\/wp-json\/wp\/v2\/pages\/2402","targetHints":{"allow":["GET"]}}],"collection":[{"href":"https:\/\/help.quarticon.com\/pl\/wp-json\/wp\/v2\/pages"}],"about":[{"href":"https:\/\/help.quarticon.com\/pl\/wp-json\/wp\/v2\/types\/page"}],"author":[{"embeddable":true,"href":"https:\/\/help.quarticon.com\/pl\/wp-json\/wp\/v2\/users\/1"}],"replies":[{"embeddable":true,"href":"https:\/\/help.quarticon.com\/pl\/wp-json\/wp\/v2\/comments?post=2402"}],"version-history":[{"count":2,"href":"https:\/\/help.quarticon.com\/pl\/wp-json\/wp\/v2\/pages\/2402\/revisions"}],"predecessor-version":[{"id":2437,"href":"https:\/\/help.quarticon.com\/pl\/wp-json\/wp\/v2\/pages\/2402\/revisions\/2437"}],"wp:attachment":[{"href":"https:\/\/help.quarticon.com\/pl\/wp-json\/wp\/v2\/media?parent=2402"}],"curies":[{"name":"wp","href":"https:\/\/api.w.org\/{rel}","templated":true}]}}