{"id":2399,"date":"2025-08-12T16:31:27","date_gmt":"2025-08-12T16:31:27","guid":{"rendered":"https:\/\/rs.quarticon.com\/?page_id=2399"},"modified":"2025-09-11T13:26:07","modified_gmt":"2025-09-11T13:26:07","slug":"podstawowe-informacje","status":"publish","type":"page","link":"https:\/\/help.quarticon.com\/pl\/","title":{"rendered":"Podstawowe informacje"},"content":{"rendered":"<p>Ta strona zosta\u0142a stworzona z my\u015bl\u0105 o wszystkich, kt\u00f3rzy pragn\u0105 zdobywa\u0107 now\u0105 wiedz\u0119 i umiej\u0119tno\u015bci zwi\u0105zane z technologi\u0105 Quarticon. Znajdziesz tutaj bogaty zbi\u00f3r materia\u0142\u00f3w typu <strong>how-to<\/strong>, szczeg\u00f3\u0142owe <strong>przewodniki<\/strong> oraz sekcj\u0119 <strong>FAQ<\/strong>, kt\u00f3ra pomo\u017ce rozwia\u0107 wszelkie w\u0105tpliwo\u015bci. Niezale\u017cnie od tego, czy jeste\u015b pocz\u0105tkuj\u0105cym, czy do\u015bwiadczonym u\u017cytkownikiem naszych system\u00f3w, nasze zasoby s\u0105 dostosowane do Twoich potrzeb.<\/p>\n<p>Zach\u0119camy do eksploracji i odkrywania, jak nasze materia\u0142y mog\u0105 u\u0142atwi\u0107 Ci \u017cycie i pom\u00f3c w realizacji Twoich cel\u00f3w. Je\u015bli masz pytania lub potrzebujesz dodatkowych informacji, nie wahaj si\u0119 skontaktowa\u0107 z nami!<\/p>\n<h2>Podstawowe informacje<\/h2>\n<p><a href=\"\/pl\/skrypt-glowny\/\">Skrypt g\u0142\u00f3wny<\/a><\/p>\n<p><a href=\"\/pl\/skrypty-zbierajace-dane\/\">Skrypty zbieraj\u0105ce dane<\/a><\/p>\n<p><a href=\"\/pl\/skrypt-odslony-produktow\/\">Skrypt ods\u0142ony produkt\u00f3w<\/a><\/p>\n<p><a href=\"\/pl\/skrypt-zbierajacy-dane-transakcji\/\">Skrypt zbieraj\u0105cy dane transakcji<\/a><\/p>\n<p><a href=\"\/pl\/implementacja-feeda-xml-do-katalogu-w-panelu-quarticon\/\">Implementacja feeda XML do katalogu w panelu Quarticon<\/a><\/p>\n<h2>Zobacz tak\u017ce<\/h2>\n<p><a href=\"\/pl\/faq-quarticon\/\">FAQ<\/a><br \/>\n<a href=\"\/pl\/przewodniki\/\">Przewodniki<\/a><br \/>\n<a href=\"\/pl\/know-how\/\">Know-how<\/a><br \/>\n<a href=\"\/pl\/uslugi\/\">Us\u0142ugi<\/a><\/p>\n","protected":false},"excerpt":{"rendered":"<p>Ta strona zosta\u0142a stworzona z my\u015bl\u0105 o wszystkich, kt\u00f3rzy pragn\u0105 zdobywa\u0107 now\u0105 wiedz\u0119 i umiej\u0119tno\u015bci zwi\u0105zane z technologi\u0105 Quarticon. Znajdziesz tutaj bogaty zbi\u00f3r materia\u0142\u00f3w typu how-to, szczeg\u00f3\u0142owe przewodniki oraz sekcj\u0119 FAQ, kt\u00f3ra pomo\u017ce rozwia\u0107 wszelkie [&hellip;]<\/p>\n","protected":false},"author":1,"featured_media":0,"parent":0,"menu_order":0,"comment_status":"closed","ping_status":"closed","template":"","meta":{"footnotes":""},"class_list":["post-2399","page","type-page","status-publish","hentry"],"aioseo_notices":[],"_links":{"self":[{"href":"https:\/\/help.quarticon.com\/pl\/wp-json\/wp\/v2\/pages\/2399","targetHints":{"allow":["GET"]}}],"collection":[{"href":"https:\/\/help.quarticon.com\/pl\/wp-json\/wp\/v2\/pages"}],"about":[{"href":"https:\/\/help.quarticon.com\/pl\/wp-json\/wp\/v2\/types\/page"}],"author":[{"embeddable":true,"href":"https:\/\/help.quarticon.com\/pl\/wp-json\/wp\/v2\/users\/1"}],"replies":[{"embeddable":true,"href":"https:\/\/help.quarticon.com\/pl\/wp-json\/wp\/v2\/comments?post=2399"}],"version-history":[{"count":5,"href":"https:\/\/help.quarticon.com\/pl\/wp-json\/wp\/v2\/pages\/2399\/revisions"}],"predecessor-version":[{"id":2435,"href":"https:\/\/help.quarticon.com\/pl\/wp-json\/wp\/v2\/pages\/2399\/revisions\/2435"}],"wp:attachment":[{"href":"https:\/\/help.quarticon.com\/pl\/wp-json\/wp\/v2\/media?parent=2399"}],"curies":[{"name":"wp","href":"https:\/\/api.w.org\/{rel}","templated":true}]}}