{"id":2396,"date":"2025-08-12T16:29:54","date_gmt":"2025-08-12T16:29:54","guid":{"rendered":"https:\/\/rs.quarticon.com\/?page_id=2396"},"modified":"2025-09-11T13:28:27","modified_gmt":"2025-09-11T13:28:27","slug":"ai-smart-search","status":"publish","type":"page","link":"https:\/\/help.quarticon.com\/pl\/ai-smart-search\/","title":{"rendered":"AI Smart Search"},"content":{"rendered":"<h2>Proces wdro\u017cenia<\/h2>\n<p><a href=\"\/pl\/instrukcja-wdrozenia-ai-smart-search-po-api\/\">Instrukcja wdro\u017cenia AI Smart Search po API<\/a><\/p>\n<p><a href=\"\/pl\/instrukcja-wdrozenia-ai-smart-search-za-pomoca-aplikacji-vue-frontend\/\">Instrukcja wdro\u017cenia AI Smart Search za pomoc\u0105 aplikacji Vue Frontend<\/a><\/p>\n<p><a href=\"\/pl\/katalog-produktowy-dla-ai-smart-search\/\">Katalog produktowy dla AI Smart Search<\/a><\/p>\n<h2>Panel klienta<\/h2>\n<p><a href=\"\/pl\/jak-korzystac-z-funkcji-frazy-blokowane\/\">Jak korzysta\u0107 z funkcji Frazy blokowane?<\/a><\/p>\n<p><a href=\"\/pl\/jak-korzystac-z-funkcji-frazy-nieodmienne\/\">Jak korzysta\u0107 z funkcji Frazy nieodmienne?<\/a><\/p>\n<p><a href=\"\/pl\/jak-zarzadzac-funkcja-ostatnio-wyszukiwane\/\">Jak zarz\u0105dza\u0107 funkcj\u0105 Ostatnio wyszukiwane?<\/a><\/p>\n<p><a href=\"\/pl\/jak-zarzadzac-funkcja-najczesciej-wyszukiwane\/\">Jak zarz\u0105dza\u0107 funkcj\u0105 Najcz\u0119\u015bciej wyszukiwane?<\/a><\/p>\n<p><a href=\"\/pl\/czym-jest-stage-mode-i-co-musze-o-nim-wiedziec\/\">Czym jest Stage Mode i co musz\u0119 o nim wiedzie\u0107?<\/a><\/p>\n<p><a href=\"\/pl\/raport-fraz-wszystko-co-musisz-o-nim-wiedziec\/\">Raport fraz \u2013 wszystko, co musisz o nim wiedzie\u0107<\/a><\/p>\n<p><a href=\"\/pl\/raport-produktow-wszystko-co-musisz-o-nim-wiedziec\/\">Raport produkt\u00f3w \u2013 wszystko, co musisz o nim wiedzie\u0107<\/a><\/p>\n<p><a href=\"\/pl\/jak-korzystac-z-funkcji-smart-search-synonimy\/\">Jak korzysta\u0107 z funkcji Smart Search \u2013 Synonimy?<\/a><\/p>\n<p><a href=\"\/pl\/jak-moge-zarzadzac-wlaczaniem-i-wylaczaniem-smart-search-na-mojej-stronie\/\">Jak mog\u0119 zarz\u0105dza\u0107 w\u0142\u0105czaniem i wy\u0142\u0105czaniem Smart Search na mojej stronie?<\/a><\/p>\n<p><a href=\"\/pl\/testowanie-wynikow-wyszukiwania\/\">Testowanie wynik\u00f3w wyszukiwania<\/a><\/p>\n<p><a href=\"\/pl\/jak-zmienic-liczbe-wynikow-wyszukiwania-na-strone\/\">Jak zmieni\u0107 liczb\u0119 wynik\u00f3w wyszukiwania na stron\u0119?<\/a><\/p>\n<p><a href=\"\/pl\/jak-wykluczyc-wyswietlanie-produktow-bez-obrazkow-w-wynikach-wyszukiwania\/\">Jak wykluczy\u0107 wy\u015bwietlanie produkt\u00f3w bez obrazk\u00f3w w wynikach wyszukiwania?<\/a><\/p>\n<p><a href=\"\/pl\/jak-wlaczyc-wyswietlanie-produktow-niedostepnych\/\">Jak w\u0142\u0105czy\u0107 wy\u015bwietlanie produkt\u00f3w niedost\u0119pnych?<\/a><\/p>\n<p><a href=\"\/pl\/jak-wlaczyc-raportowanie-ai-smart-search-w-google-analytics\/\">Jak w\u0142\u0105czy\u0107 raportowanie AI Smart Search w Google Analytics?<\/a><\/p>\n<h2>Pozosta\u0142e instrukcje<\/h2>\n<p><a href=\"NA\">Generowanie feed&#8217;a dla klienta RedCart<\/a><\/p>\n<p><a href=\"\/pl\/jak-zmierzyc-konwersje-z-wyszukiwania-ze-smart-search-w-google-analytics\/\">Jak zmierzy\u0107 konwersj\u0119 z wyszukiwania ze Smart Search w Google Analytics?<\/a><\/p>\n<p><a href=\"\/pl\/faq-platformy\/\">FAQ<\/a><\/p>\n","protected":false},"excerpt":{"rendered":"<p>Proces wdro\u017cenia Instrukcja wdro\u017cenia AI Smart Search po API Instrukcja wdro\u017cenia AI Smart Search za pomoc\u0105 aplikacji Vue Frontend Katalog produktowy dla AI Smart Search Panel klienta Jak korzysta\u0107 z funkcji Frazy blokowane? Jak korzysta\u0107 [&hellip;]<\/p>\n","protected":false},"author":1,"featured_media":0,"parent":0,"menu_order":0,"comment_status":"closed","ping_status":"closed","template":"","meta":{"footnotes":""},"class_list":["post-2396","page","type-page","status-publish","hentry"],"aioseo_notices":[],"_links":{"self":[{"href":"https:\/\/help.quarticon.com\/pl\/wp-json\/wp\/v2\/pages\/2396","targetHints":{"allow":["GET"]}}],"collection":[{"href":"https:\/\/help.quarticon.com\/pl\/wp-json\/wp\/v2\/pages"}],"about":[{"href":"https:\/\/help.quarticon.com\/pl\/wp-json\/wp\/v2\/types\/page"}],"author":[{"embeddable":true,"href":"https:\/\/help.quarticon.com\/pl\/wp-json\/wp\/v2\/users\/1"}],"replies":[{"embeddable":true,"href":"https:\/\/help.quarticon.com\/pl\/wp-json\/wp\/v2\/comments?post=2396"}],"version-history":[{"count":2,"href":"https:\/\/help.quarticon.com\/pl\/wp-json\/wp\/v2\/pages\/2396\/revisions"}],"predecessor-version":[{"id":2436,"href":"https:\/\/help.quarticon.com\/pl\/wp-json\/wp\/v2\/pages\/2396\/revisions\/2436"}],"wp:attachment":[{"href":"https:\/\/help.quarticon.com\/pl\/wp-json\/wp\/v2\/media?parent=2396"}],"curies":[{"name":"wp","href":"https:\/\/api.w.org\/{rel}","templated":true}]}}