{"id":2393,"date":"2025-08-12T16:26:59","date_gmt":"2025-08-12T16:26:59","guid":{"rendered":"https:\/\/rs.quarticon.com\/?page_id=2393"},"modified":"2025-09-11T13:36:56","modified_gmt":"2025-09-11T13:36:56","slug":"rekomendacje-produktowe-ai","status":"publish","type":"page","link":"https:\/\/help.quarticon.com\/pl\/rekomendacje-produktowe-ai\/","title":{"rendered":"Rekomendacje Produktowe AI"},"content":{"rendered":"<h2>Wst\u0119p<\/h2>\n<p><a href=\"\/pl\/testy-z-wykorzystaniem-ramek-quarticon\/\">Testy z wykorzystaniem ramek Quarticon<\/a><\/p>\n<p><a href=\"NA\">Wdro\u017cenie samodzielne: Frontend PWA &#8211; NPM API<\/a><\/p>\n<h2>Wdro\u017cenie przez zesp\u00f3\u0142 QuarticOn \u2013 Frontend<\/h2>\n<p><a href=\"NA\">Wdro\u017cenie przez zesp\u00f3\u0142 Quarticon \u2013 Frontend &#8211; czy ta metoda jest dla Ciebie?<\/a><\/p>\n<p><a href=\"\/pl\/wdrozenie-przez-zespol-quarticon-frontend-przebieg\/\">Wdro\u017cenie przez zesp\u00f3\u0142 QuarticOn \u2013 Frontend \u2013 przebieg?<\/a><\/p>\n<h2>Wdro\u017cenie samodzielne: Backend &#8211; REST API<\/h2>\n<p><a href=\"NA\">Wdro\u017cenie samodzielne: Backend &#8211; REST API \u2013 czy ta metoda jest dla Ciebie?<\/a><\/p>\n<p><a href=\"NA\">Wdro\u017cenie samodzielne: Backend &#8211; REST API \u2013 jak to zrobi\u0107?<\/a><\/p>\n<p><a href=\"NA\">Instrukcja wdro\u017cenia samodzielnego: Backend &#8211; REST API<\/a><\/p>\n<h2>Wdro\u017cenie samodzielne: Frontend &#8211; Javascript API<\/h2>\n<p><a href=\"NA\">Wdro\u017cenie samodzielne: Frontend &#8211; Javascript API \u2013 czy ta metoda jest dla Ciebie?<\/a><\/p>\n<p><a href=\"NA\">Wdro\u017cenie samodzielne: Frontend &#8211; Javascript API \u2013 jak to zrobi\u0107?<\/a><\/p>\n<h2>Wdro\u017cenie za pomoc\u0105 wtyczki<\/h2>\n<p><a href=\"NA\">Wdro\u017cenie za pomoc\u0105 wtyczki &#8211; czy ta metoda jest dla Ciebie?<\/a><\/p>\n<p><a href=\"NA\">Wdro\u017cenie za pomoc\u0105 wtyczki &#8211; jak to zrobi\u0107?<\/a><\/p>\n<h2>Strategie rekomendacji<\/h2>\n<p><a href=\"\/pl\/strategie-rekomendacji-wprowadzenie\/\">Strategie rekomendacji \u2013 wprowadzenie<\/a><\/p>\n<p><a href=\"\/pl\/wybrane-dla-ciebie\/\">Wybrane dla Ciebie<\/a><\/p>\n<p><a href=\"\/pl\/podobne\/\">Podobne<\/a><\/p>\n<p><a href=\"\/pl\/up-selling\/\">Up-selling<\/a><\/p>\n<p><a href=\"\/pl\/cross-selling\/\">Cross-selling<\/a><\/p>\n<p><a href=\"\/pl\/cross-sell-koszyk\/\">Cross-sell koszyk<\/a><\/p>\n<p><a href=\"\/pl\/porzucony-koszyk\/\">Porzucony koszyk<\/a><\/p>\n<p><a href=\"\/pl\/ostatnio-ogladane\/\">Ostatnio ogl\u0105dane<\/a><\/p>\n<p><a href=\"\/pl\/bestsellery-tygodniowe\/\">Bestsellery tygodniowe<\/a><\/p>\n<p><a href=\"\/pl\/bestsellery-miesieczne\/\">Bestsellery miesi\u0119czne<\/a><\/p>\n<p><a href=\"\/pl\/trendy\/\">Trendy<\/a><\/p>\n<p><a href=\"\/pl\/thank-you-page\/\">Thank you page<\/a><\/p>\n<p><a href=\"\/pl\/dane-json\/\">Dane Json<\/a><\/p>\n<h2>Instrukcje dot. produktu<\/h2>\n<p><a href=\"\/pl\/jak-dziala-logika-json\/\">Jak dzia\u0142a logika JSON?<\/a><\/p>\n<p><a href=\"\/pl\/dodawanie-ramek-rekomendacji\/\">Dodawanie ramek rekomendacji<\/a><\/p>\n<p><a href=\"\/pl\/kreator-widgetow\/\">Kreator widget\u00f3w<\/a><\/p>\n<p><a href=\"\/pl\/tryb-podgladu\/\">Tryb podgl\u0105du<\/a><\/p>\n<p><a href=\"\/pl\/jak-dodac-dynamiczne-filtry-ceny-w-ramkach-rekomendacji\/\">Jak doda\u0107 dynamiczne filtry ceny w ramkach rekomendacji?<\/a><\/p>\n<p><a href=\"\/pl\/katalog-produktow\/\">Katalog produkt\u00f3w<\/a><\/p>\n<p><a href=\"\/pl\/jak-sprawdzic-id-produktu-w-katalogu-produktow\/\">Jak sprawdzi\u0107 ID produktu w katalogu produkt\u00f3w?<\/a><\/p>\n<p><a href=\"\/pl\/widget-html-lub-javascript\/\">Widget HTML lub JavaScript<\/a><\/p>\n<p><a href=\"\/pl\/historia-transakcji\/\">Historia transakcji<\/a><\/p>\n<p><a href=\"\/pl\/jak-czytac-raport\/\">Jak czyta\u0107 raport?<\/a><\/p>\n<h2>Instrukcje dot. konta w panelu<\/h2>\n<p><a href=\"\/pl\/ustawienia-ogolne\/\">Ustawienia og\u00f3lne<\/a><\/p>\n<p><a href=\"\/pl\/rejestracja-i-konfiguracja-konta\/\">Rejestracja i konfiguracja konta<\/a><\/p>\n<p><a href=\"\/pl\/logowanie-do-panelu\/\">Logowanie do panelu<\/a><\/p>\n<p><a href=\"\/pl\/zmiana-hasla\/\">Zmiana has\u0142a<\/a><\/p>\n<p><a href=\"\/pl\/dodawanie-karty-platniczej\/\">Dodawanie karty p\u0142atniczej<\/a><\/p>\n<p><a href=\"\/pl\/dodawanie-nowego-uzytkownika\/\">Dodawanie nowego u\u017cytkownika<\/a><\/p>\n","protected":false},"excerpt":{"rendered":"<p>Wst\u0119p Testy z wykorzystaniem ramek Quarticon Wdro\u017cenie samodzielne: Frontend PWA &#8211; NPM API Wdro\u017cenie przez zesp\u00f3\u0142 QuarticOn \u2013 Frontend Wdro\u017cenie przez zesp\u00f3\u0142 Quarticon \u2013 Frontend &#8211; czy ta metoda jest dla Ciebie? Wdro\u017cenie przez zesp\u00f3\u0142 [&hellip;]<\/p>\n","protected":false},"author":1,"featured_media":0,"parent":0,"menu_order":0,"comment_status":"closed","ping_status":"closed","template":"","meta":{"footnotes":""},"class_list":["post-2393","page","type-page","status-publish","hentry"],"aioseo_notices":[],"_links":{"self":[{"href":"https:\/\/help.quarticon.com\/pl\/wp-json\/wp\/v2\/pages\/2393","targetHints":{"allow":["GET"]}}],"collection":[{"href":"https:\/\/help.quarticon.com\/pl\/wp-json\/wp\/v2\/pages"}],"about":[{"href":"https:\/\/help.quarticon.com\/pl\/wp-json\/wp\/v2\/types\/page"}],"author":[{"embeddable":true,"href":"https:\/\/help.quarticon.com\/pl\/wp-json\/wp\/v2\/users\/1"}],"replies":[{"embeddable":true,"href":"https:\/\/help.quarticon.com\/pl\/wp-json\/wp\/v2\/comments?post=2393"}],"version-history":[{"count":2,"href":"https:\/\/help.quarticon.com\/pl\/wp-json\/wp\/v2\/pages\/2393\/revisions"}],"predecessor-version":[{"id":2447,"href":"https:\/\/help.quarticon.com\/pl\/wp-json\/wp\/v2\/pages\/2393\/revisions\/2447"}],"wp:attachment":[{"href":"https:\/\/help.quarticon.com\/pl\/wp-json\/wp\/v2\/media?parent=2393"}],"curies":[{"name":"wp","href":"https:\/\/api.w.org\/{rel}","templated":true}]}}