{"id":2383,"date":"2025-08-12T15:33:49","date_gmt":"2025-08-12T15:33:49","guid":{"rendered":"https:\/\/rs.quarticon.com\/?page_id=2383"},"modified":"2025-09-11T13:38:59","modified_gmt":"2025-09-11T13:38:59","slug":"tryb-podgladu","status":"publish","type":"page","link":"https:\/\/help.quarticon.com\/pl\/tryb-podgladu\/","title":{"rendered":"Tryb podgl\u0105du"},"content":{"rendered":"<h2>Tryb podgl\u0105du<\/h2>\n<p><a href='\/pl\/pasek-trybu-podgladu-wlaczony-na-responsywnej-wersji-strony-zaslania-elementy-nawigacji-i-nie-moge-wlaczyc-innych-podstron-mojego-serwisu-co-mam-zrobic\/'>Pasek trybu podgl\u0105du w\u0142\u0105czony na responsywnej wersji strony zas\u0142ania elementy nawigacji i nie mog\u0119 w\u0142\u0105czy\u0107 innych podstron mojego serwisu. Co mam zrobi\u0107?<\/a><\/p>\n<p><a href='\/pl\/chce-uzyc-trybu-podgladu-by-zobaczyc-jak-beda-wygladaly-ramki-w-wersji-mobilnej-strony-jak-moge-to-zrobic\/'>Chc\u0119 u\u017cy\u0107 trybu podgl\u0105du by zobaczy\u0107, jak b\u0119d\u0105 wygl\u0105da\u0142y ramki w wersji mobilnej strony. Jak mog\u0119 to zrobi\u0107?<\/a><\/p>\n","protected":false},"excerpt":{"rendered":"<p>Tryb podgl\u0105du Pasek trybu podgl\u0105du w\u0142\u0105czony na responsywnej wersji strony zas\u0142ania elementy nawigacji i nie mog\u0119 w\u0142\u0105czy\u0107 innych podstron mojego serwisu. Co mam zrobi\u0107? Chc\u0119 u\u017cy\u0107 trybu podgl\u0105du by zobaczy\u0107, jak b\u0119d\u0105 wygl\u0105da\u0142y ramki w [&hellip;]<\/p>\n","protected":false},"author":1,"featured_media":0,"parent":0,"menu_order":0,"comment_status":"closed","ping_status":"closed","template":"","meta":{"footnotes":""},"class_list":["post-2383","page","type-page","status-publish","hentry"],"aioseo_notices":[],"_links":{"self":[{"href":"https:\/\/help.quarticon.com\/pl\/wp-json\/wp\/v2\/pages\/2383","targetHints":{"allow":["GET"]}}],"collection":[{"href":"https:\/\/help.quarticon.com\/pl\/wp-json\/wp\/v2\/pages"}],"about":[{"href":"https:\/\/help.quarticon.com\/pl\/wp-json\/wp\/v2\/types\/page"}],"author":[{"embeddable":true,"href":"https:\/\/help.quarticon.com\/pl\/wp-json\/wp\/v2\/users\/1"}],"replies":[{"embeddable":true,"href":"https:\/\/help.quarticon.com\/pl\/wp-json\/wp\/v2\/comments?post=2383"}],"version-history":[{"count":2,"href":"https:\/\/help.quarticon.com\/pl\/wp-json\/wp\/v2\/pages\/2383\/revisions"}],"predecessor-version":[{"id":2450,"href":"https:\/\/help.quarticon.com\/pl\/wp-json\/wp\/v2\/pages\/2383\/revisions\/2450"}],"wp:attachment":[{"href":"https:\/\/help.quarticon.com\/pl\/wp-json\/wp\/v2\/media?parent=2383"}],"curies":[{"name":"wp","href":"https:\/\/api.w.org\/{rel}","templated":true}]}}