{"id":2380,"date":"2025-08-12T15:32:09","date_gmt":"2025-08-12T15:32:09","guid":{"rendered":"https:\/\/rs.quarticon.com\/?page_id=2380"},"modified":"2026-03-27T15:59:56","modified_gmt":"2026-03-27T15:59:56","slug":"faq-quarticon","status":"publish","type":"page","link":"https:\/\/help.quarticon.com\/pl\/faq-quarticon\/","title":{"rendered":"FAQ Quarticon"},"content":{"rendered":"<h2>Og\u00f3lne<\/h2>\n<p><a href=\"\/pl\/ile-kosztuje-usluga-quarticon\/\">lle kosztuje us\u0142uga Quarticon?<\/a><\/p>\n<p><a href=\"\/pl\/czy-skrypt-glowny-quarticon-spowalnia-ladowanie-strony\/\">Czy skrypt g\u0142\u00f3wny Quarticon spowalnia \u0142adowanie strony?<\/a><\/p>\n<p><a href=\"\/pl\/ktora-metoda-wdrozenia-jest-dla-mnie-najbardziej-odpowiednia\/\">Kt\u00f3ra metoda wdro\u017cenia jest dla mnie najbardziej odpowiednia?<\/a><\/p>\n<p><a href=\"\/pl\/jak-dlugo-trzymane-sa-w-systemie-dane-dotyczace-klientow-mojego-sklepie-internetowego\/\">Jak d\u0142ugo trzymane s\u0105 w systemie dane dotycz\u0105ce klient\u00f3w mojego sklepie internetowego?<\/a><\/p>\n<p><a href=\"\/pl\/jak-poprawnie-zglaszac-awarie-i-bledy-techniczne\/\">Jak poprawnie zg\u0142asza\u0107 awarie i b\u0142\u0119dy techniczne?<\/a><\/p>\n<p><a href=\"\/pl\/do-kogo-mam-sie-zglosic-w-razie-problemow-lub-pytan-technicznych\/\">Do kogo mam si\u0119 zg\u0142osi\u0107 w razie problem\u00f3w lub pyta\u0144 technicznych?<\/a><\/p>\n<h2>Zobacz tak\u017ce<\/h2>\n<p><a href=\"\/pl\/faq-ramki-rekomendacyjne\/\">Ramki rekomendacyjne<\/a><\/p>\n<p><a href=\"\/pl\/faq-ai-smart-search\/\">AI Smart Search<\/a><\/p>\n<p><a href=\"#\">AI-maile<\/a> &#8211; wkr\u00f3tce<\/p>\n<p><a href=\"\/pl\/panel-klienta\/\">Panel Klienta<\/a><\/p>\n<p><a href=\"\/pl\/tryb-podgladu\/\">Tryb podgl\u0105du<\/a><\/p>\n<p><a href=\"\/pl\/shoper\/\">Shoper<\/a><\/p>\n<p><a href=\"\/pl\/shopify\/\">Shopify<\/a><\/p>\n<p><a href=\"\/pl\/faq-marketing-automation\/\">Marketing Automation<\/a><\/p>\n","protected":false},"excerpt":{"rendered":"<p>Og\u00f3lne lle kosztuje us\u0142uga Quarticon? Czy skrypt g\u0142\u00f3wny Quarticon spowalnia \u0142adowanie strony? Kt\u00f3ra metoda wdro\u017cenia jest dla mnie najbardziej odpowiednia? Jak d\u0142ugo trzymane s\u0105 w systemie dane dotycz\u0105ce klient\u00f3w mojego sklepie internetowego? Jak poprawnie zg\u0142asza\u0107 [&hellip;]<\/p>\n","protected":false},"author":1,"featured_media":0,"parent":0,"menu_order":0,"comment_status":"closed","ping_status":"closed","template":"","meta":{"footnotes":""},"class_list":["post-2380","page","type-page","status-publish","hentry"],"aioseo_notices":[],"_links":{"self":[{"href":"https:\/\/help.quarticon.com\/pl\/wp-json\/wp\/v2\/pages\/2380","targetHints":{"allow":["GET"]}}],"collection":[{"href":"https:\/\/help.quarticon.com\/pl\/wp-json\/wp\/v2\/pages"}],"about":[{"href":"https:\/\/help.quarticon.com\/pl\/wp-json\/wp\/v2\/types\/page"}],"author":[{"embeddable":true,"href":"https:\/\/help.quarticon.com\/pl\/wp-json\/wp\/v2\/users\/1"}],"replies":[{"embeddable":true,"href":"https:\/\/help.quarticon.com\/pl\/wp-json\/wp\/v2\/comments?post=2380"}],"version-history":[{"count":8,"href":"https:\/\/help.quarticon.com\/pl\/wp-json\/wp\/v2\/pages\/2380\/revisions"}],"predecessor-version":[{"id":2474,"href":"https:\/\/help.quarticon.com\/pl\/wp-json\/wp\/v2\/pages\/2380\/revisions\/2474"}],"wp:attachment":[{"href":"https:\/\/help.quarticon.com\/pl\/wp-json\/wp\/v2\/media?parent=2380"}],"curies":[{"name":"wp","href":"https:\/\/api.w.org\/{rel}","templated":true}]}}