{"id":2378,"date":"2025-08-12T15:30:09","date_gmt":"2025-08-12T15:30:09","guid":{"rendered":"https:\/\/rs.quarticon.com\/?page_id=2378"},"modified":"2025-09-11T13:38:29","modified_gmt":"2025-09-11T13:38:29","slug":"shopify","status":"publish","type":"page","link":"https:\/\/help.quarticon.com\/pl\/shopify\/","title":{"rendered":"Shopify"},"content":{"rendered":"<h2>Shopify<\/h2>\n<p><a href='\/pl\/gdzie-znajde-informacje-o-tym-jak-dziala-aplikacja\/'>Gdzie znajd\u0119 informacje o tym jak dzia\u0142a aplikacja?<\/a><\/p>\n<p><a href='\/pl\/czy-sa-jakies-ograniczenia-uzycia-aplikacji\/'>Czy s\u0105 jakie\u015b ograniczenia u\u017cycia aplikacji?<\/a><\/p>\n<p><a href='\/pl\/czy-tresc-pierwszej-i-drugiej-wiadomosci-jest-taka-sama\/'>Czy tre\u015b\u0107 pierwszej i drugiej wiadomo\u015bci jest taka sama?<\/a><\/p>\n<p><a href='\/pl\/czy-moge-edytowac-tresc-wiadomosci-e-mail\/'>Czy mog\u0119 edytowa\u0107 tre\u015b\u0107 wiadomo\u015bci e-mail?<\/a><\/p>\n<p><a href='\/pl\/czy-dostepne-sa-inne-formy-komunikacji-dla-scenariusza-porzucony-koszyk\/'>Czy dost\u0119pne s\u0105 inne formy komunikacji dla scenariusza Porzucony koszyk?<\/a><\/p>\n<p><a href='\/pl\/jak-moge-zawrzec-niezbedne-informacje-prawne-dla-mojego-sklepu-w-tresci-wiadomosci-e-mail\/'>Jak mog\u0119 zawrze\u0107 niezb\u0119dne informacje prawne dla mojego sklepu w tre\u015bci wiadomo\u015bci e-mail?<\/a><\/p>\n<p><a href='\/pl\/czy-mam-dostep-do-panelu-quarticon-11\/'>Czy mam dost\u0119p do panelu QuarticOn?<\/a><\/p>\n<p><a href='\/pl\/kto-moze-otrzymac-sekwencje-e-mail-dotyczaca-porzuconego-koszyka\/'>Kto mo\u017ce otrzyma\u0107 sekwencj\u0119 e-mail dotycz\u0105c\u0105 porzuconego koszyka?<\/a><\/p>\n<p><a href='\/pl\/mam-pomysl-mam-pytanie-znalazlem-usterke-jak-moge-sie-skontaktowac\/'>Mam pomys\u0142, mam pytanie, znalaz\u0142em usterk\u0119 \u2013 jak mog\u0119 si\u0119 skontaktowa\u0107?<\/a><\/p>\n","protected":false},"excerpt":{"rendered":"<p>Shopify Gdzie znajd\u0119 informacje o tym jak dzia\u0142a aplikacja? Czy s\u0105 jakie\u015b ograniczenia u\u017cycia aplikacji? Czy tre\u015b\u0107 pierwszej i drugiej wiadomo\u015bci jest taka sama? Czy mog\u0119 edytowa\u0107 tre\u015b\u0107 wiadomo\u015bci e-mail? Czy dost\u0119pne s\u0105 inne formy [&hellip;]<\/p>\n","protected":false},"author":1,"featured_media":0,"parent":0,"menu_order":0,"comment_status":"closed","ping_status":"closed","template":"","meta":{"footnotes":""},"class_list":["post-2378","page","type-page","status-publish","hentry"],"aioseo_notices":[],"_links":{"self":[{"href":"https:\/\/help.quarticon.com\/pl\/wp-json\/wp\/v2\/pages\/2378","targetHints":{"allow":["GET"]}}],"collection":[{"href":"https:\/\/help.quarticon.com\/pl\/wp-json\/wp\/v2\/pages"}],"about":[{"href":"https:\/\/help.quarticon.com\/pl\/wp-json\/wp\/v2\/types\/page"}],"author":[{"embeddable":true,"href":"https:\/\/help.quarticon.com\/pl\/wp-json\/wp\/v2\/users\/1"}],"replies":[{"embeddable":true,"href":"https:\/\/help.quarticon.com\/pl\/wp-json\/wp\/v2\/comments?post=2378"}],"version-history":[{"count":2,"href":"https:\/\/help.quarticon.com\/pl\/wp-json\/wp\/v2\/pages\/2378\/revisions"}],"predecessor-version":[{"id":2449,"href":"https:\/\/help.quarticon.com\/pl\/wp-json\/wp\/v2\/pages\/2378\/revisions\/2449"}],"wp:attachment":[{"href":"https:\/\/help.quarticon.com\/pl\/wp-json\/wp\/v2\/media?parent=2378"}],"curies":[{"name":"wp","href":"https:\/\/api.w.org\/{rel}","templated":true}]}}