{"id":2376,"date":"2025-08-12T15:28:42","date_gmt":"2025-08-12T15:28:42","guid":{"rendered":"https:\/\/rs.quarticon.com\/?page_id=2376"},"modified":"2025-09-11T13:37:51","modified_gmt":"2025-09-11T13:37:51","slug":"shoper","status":"publish","type":"page","link":"https:\/\/help.quarticon.com\/pl\/shoper\/","title":{"rendered":"Shoper"},"content":{"rendered":"<h2>Shoper<\/h2>\n<p><a href=\"NA\">Gdzie znajd\u0119 informacje o tym, jak dzia\u0142a aplikacja?<\/a><\/p>\n<p><a href=\"\/pl\/czy-aplikacja-moze-udostepnic-inne-funkcjonalnosci-z-oferty-quarticon\/\">Czy aplikacja mo\u017ce udost\u0119pni\u0107 inne funkcjonalno\u015bci z oferty Quarticon?<\/a><\/p>\n<p><a href=\"\/pl\/jakie-funkcjonalnosci-sa-domyslnie-dostepne-w-aplikacji\/\">Jakie funkcjonalno\u015bci s\u0105 domy\u015blnie dost\u0119pne w aplikacji?<\/a><\/p>\n<p><a href=\"\/pl\/jakie-plany-abonamentowe-sa-dostepne-w-aplikacji\/\">Jakie plany abonamentowe s\u0105 dost\u0119pne w aplikacji?<\/a><\/p>\n<p><a href=\"\/pl\/czy-moge-miec-indywidualny-plan-abonamentowy\/\">Czy mog\u0119 mie\u0107 indywidualny plan abonamentowy?<\/a><\/p>\n<p><a href=\"\/pl\/czy-moge-zmienic-moj-obecny-plan-abonamentowy-na-inny\/\">Czy mog\u0119 zmieni\u0107 m\u00f3j obecny plan abonamentowy na inny?<\/a><\/p>\n<p><a href=\"\/pl\/jak-moge-zmienic-wyglad-ramek-rekomendacji-na-stronie-mojego-sklepu\/\">Jak mog\u0119 zmieni\u0107 wygl\u0105d ramek rekomendacji na stronie mojego sklepu?<\/a><\/p>\n<p><a href=\"\/pl\/czy-mam-dostep-do-panelu-quarticon-11\/\">Czy mam dost\u0119p do panelu Quarticon?<\/a><\/p>\n<p><a href=\"\/pl\/mam-pomysl-mam-pytanie-chce-zglosic-blad-jak-moge-sie-skontaktowac-z-quarticon\/\">Mam pomys\u0142, mam pytanie, chc\u0119 zg\u0142osi\u0107 b\u0142\u0105d \u2013 jak mog\u0119 si\u0119 skontaktowa\u0107 z Quarticon?<\/a><\/p>\n","protected":false},"excerpt":{"rendered":"<p>Shoper Gdzie znajd\u0119 informacje o tym, jak dzia\u0142a aplikacja? Czy aplikacja mo\u017ce udost\u0119pni\u0107 inne funkcjonalno\u015bci z oferty Quarticon? Jakie funkcjonalno\u015bci s\u0105 domy\u015blnie dost\u0119pne w aplikacji? Jakie plany abonamentowe s\u0105 dost\u0119pne w aplikacji? Czy mog\u0119 mie\u0107 [&hellip;]<\/p>\n","protected":false},"author":1,"featured_media":0,"parent":0,"menu_order":0,"comment_status":"closed","ping_status":"closed","template":"","meta":{"footnotes":""},"class_list":["post-2376","page","type-page","status-publish","hentry"],"aioseo_notices":[],"_links":{"self":[{"href":"https:\/\/help.quarticon.com\/pl\/wp-json\/wp\/v2\/pages\/2376","targetHints":{"allow":["GET"]}}],"collection":[{"href":"https:\/\/help.quarticon.com\/pl\/wp-json\/wp\/v2\/pages"}],"about":[{"href":"https:\/\/help.quarticon.com\/pl\/wp-json\/wp\/v2\/types\/page"}],"author":[{"embeddable":true,"href":"https:\/\/help.quarticon.com\/pl\/wp-json\/wp\/v2\/users\/1"}],"replies":[{"embeddable":true,"href":"https:\/\/help.quarticon.com\/pl\/wp-json\/wp\/v2\/comments?post=2376"}],"version-history":[{"count":2,"href":"https:\/\/help.quarticon.com\/pl\/wp-json\/wp\/v2\/pages\/2376\/revisions"}],"predecessor-version":[{"id":2448,"href":"https:\/\/help.quarticon.com\/pl\/wp-json\/wp\/v2\/pages\/2376\/revisions\/2448"}],"wp:attachment":[{"href":"https:\/\/help.quarticon.com\/pl\/wp-json\/wp\/v2\/media?parent=2376"}],"curies":[{"name":"wp","href":"https:\/\/api.w.org\/{rel}","templated":true}]}}