{"id":2374,"date":"2025-08-12T15:26:54","date_gmt":"2025-08-12T15:26:54","guid":{"rendered":"https:\/\/rs.quarticon.com\/?page_id=2374"},"modified":"2025-09-11T13:32:53","modified_gmt":"2025-09-11T13:32:53","slug":"panel-klienta","status":"publish","type":"page","link":"https:\/\/help.quarticon.com\/pl\/panel-klienta\/","title":{"rendered":"Panel Klienta"},"content":{"rendered":"<h2>Panel klienta<\/h2>\n<p><a href='\/pl\/do-czego-sluzy-panel-klienta-cp-quarticon-com\/'>Do czego s\u0142u\u017cy panel klienta cp.quarticon.com?<\/a><\/p>\n<p><a href='\/pl\/nie-moge-sie-zalogowac-do-panelu-dlaczego\/'>Nie mog\u0119 si\u0119 zalogowa\u0107 do panelu. Dlaczego?<\/a><\/p>\n<p><a href='\/pl\/chce-zalozyc-konto-w-panelu-quarticon-dla-innego-pracownika-jak-moge-to-zrobic\/'>Chc\u0119 za\u0142o\u017cy\u0107 konto w panelu QuarticOn dla innego pracownika. Jak mog\u0119 to zrobi\u0107?<\/a><\/p>\n<p><a href='\/pl\/co-pojawia-sie-w-powiadomieniach-w-widoku-glownym-w-panelu\/'>Co pojawia si\u0119 w powiadomieniach w widoku g\u0142\u00f3wnym w panelu?<\/a><\/p>\n<p><a href='\/pl\/na-jakiej-zasadzie-zbierane-sa-dane-o-transakcjach-w-panelu\/'>Na jakiej zasadzie zbierane s\u0105 dane o transakcjach w panelu?<\/a><\/p>\n<p><a href='\/pl\/jak-moge-dodac-karte-platnicza-w-panelu\/'>Jak mog\u0119 doda\u0107 kart\u0119 p\u0142atnicz\u0105 w panelu?<\/a><\/p>\n<p><a href='\/pl\/w-jaki-sposob-moge-przekazac-dane-o-produktach-do-quarticon\/'>W jaki spos\u00f3b mog\u0119 przekaza\u0107 dane o produktach do Quarticon?<\/a><\/p>\n<p><a href='\/pl\/czy-mozliwe-jest-zarzadzanie-wieloma-katalogami-produktow\/'>Czy mo\u017cliwe jest zarz\u0105dzanie wieloma katalogami produkt\u00f3w?<\/a><\/p>\n","protected":false},"excerpt":{"rendered":"<p>Panel klienta Do czego s\u0142u\u017cy panel klienta cp.quarticon.com? Nie mog\u0119 si\u0119 zalogowa\u0107 do panelu. Dlaczego? Chc\u0119 za\u0142o\u017cy\u0107 konto w panelu QuarticOn dla innego pracownika. Jak mog\u0119 to zrobi\u0107? Co pojawia si\u0119 w powiadomieniach w widoku [&hellip;]<\/p>\n","protected":false},"author":1,"featured_media":0,"parent":0,"menu_order":0,"comment_status":"closed","ping_status":"closed","template":"","meta":{"footnotes":""},"class_list":["post-2374","page","type-page","status-publish","hentry"],"aioseo_notices":[],"_links":{"self":[{"href":"https:\/\/help.quarticon.com\/pl\/wp-json\/wp\/v2\/pages\/2374","targetHints":{"allow":["GET"]}}],"collection":[{"href":"https:\/\/help.quarticon.com\/pl\/wp-json\/wp\/v2\/pages"}],"about":[{"href":"https:\/\/help.quarticon.com\/pl\/wp-json\/wp\/v2\/types\/page"}],"author":[{"embeddable":true,"href":"https:\/\/help.quarticon.com\/pl\/wp-json\/wp\/v2\/users\/1"}],"replies":[{"embeddable":true,"href":"https:\/\/help.quarticon.com\/pl\/wp-json\/wp\/v2\/comments?post=2374"}],"version-history":[{"count":2,"href":"https:\/\/help.quarticon.com\/pl\/wp-json\/wp\/v2\/pages\/2374\/revisions"}],"predecessor-version":[{"id":2443,"href":"https:\/\/help.quarticon.com\/pl\/wp-json\/wp\/v2\/pages\/2374\/revisions\/2443"}],"wp:attachment":[{"href":"https:\/\/help.quarticon.com\/pl\/wp-json\/wp\/v2\/media?parent=2374"}],"curies":[{"name":"wp","href":"https:\/\/api.w.org\/{rel}","templated":true}]}}