{"id":2371,"date":"2025-08-12T15:23:47","date_gmt":"2025-08-12T15:23:47","guid":{"rendered":"https:\/\/rs.quarticon.com\/?page_id=2371"},"modified":"2025-09-11T13:30:32","modified_gmt":"2025-09-11T13:30:32","slug":"faq-marketing-automation","status":"publish","type":"page","link":"https:\/\/help.quarticon.com\/pl\/faq-marketing-automation\/","title":{"rendered":"FAQ Marketing Automation"},"content":{"rendered":"<h2>FAQ Marketing Automation (us\u0142uga wycofana)<\/h2>\n<p><a href=\"\/pl\/co-oznaczaja-poszczegolne-zgody-w-ustawieniach-marketing-automation\/\">Co oznaczaj\u0105 poszczeg\u00f3lne zgody w ustawieniach marketing automation?<\/a><\/p>\n<p><a href=\"\/pl\/czy-moge-wgrac-swoj-font-do-kreatora-dragdrop\/\">Czy mog\u0119 wgra\u0107 sw\u00f3j font do kreatora drag&amp;drop?<\/a><\/p>\n<p><a href=\"\/pl\/mam-2-sekwencje-w-kampanii-mailowej-jak-liczyc-czas-wysylki-drugiego-e-maila-po-wyslaniu-pierwszego-czy-po-konkretnym-zdarzeniu\/\">Mam 2 sekwencje w kampanii mailowej. Jak liczy\u0107 czas wysy\u0142ki drugiego e-maila: po wys\u0142aniu pierwszego czy po konkretnym zdarzeniu?<\/a><\/p>\n<p><a href=\"\/pl\/jakie-jest-tempo-wysylanych-newsletterow-kampanii-mailingowych\/\">Jakie jest tempo wysy\u0142anych newsletter\u00f3w\/kampanii mailingowych?<\/a><\/p>\n<p><a href=\"\/pl\/czy-wyglad-ramki-rekomendacji-w-kreacjach-mailingowych-zaciagany-jest-z-mojego-sklepu-czy-musze-dopasowac-jej-wyglad-samodzielnie\/\">Czy wygl\u0105d ramki rekomendacji w kreacjach mailingowych zaci\u0105gany jest z mojego sklepu? Czy musz\u0119 dopasowa\u0107 jej wygl\u0105d samodzielnie?<\/a><\/p>\n<p><a href=\"\/pl\/czy-istnieje-blokada-w-systemie-ma-dzieki-ktorej-mozna-byloby-okreslic-liczbe-e-maili-na-1-subskrybenta-w-danym-przedziale-czasu-nie-chce-by-moi-odbiorcy-zostali-zasypani-nadmierna-liczba-wiadomosci\/\">Czy istnieje blokada w systemie MA, dzi\u0119ki kt\u00f3rej mo\u017cna by\u0142oby okre\u015bli\u0107 liczb\u0119 e-maili na 1 subskrybenta w danym przedziale czasu? Nie chc\u0119, by moi odbiorcy zostali zasypani nadmiern\u0105 liczb\u0105 wiadomo\u015bci.<\/a><\/p>\n<p><a href=\"\/pl\/czy-moge-wgrac-swoj-font-do-szablonu-html-wiadomosci-e-mail\/\">Czy mog\u0119 wgra\u0107 sw\u00f3j font do szablonu HTML wiadomo\u015bci e-mail?<\/a><\/p>\n<p><a href=\"\/pl\/czy-adresaci-dostaja-e-maile-z-adresu-quarticon-czy-nadawca-jest-konkretny-sklep\/\">Czy adresaci dostaj\u0105 e-maile z adresu QuarticOn czy nadawc\u0105 jest konkretny sklep?<\/a><\/p>\n<p><a href=\"\/pl\/co-dla-mnie-jako-klienta-qon-znaczy-dedykowane-ip\/\">Co dla mnie, jako klienta QON, znaczy dedykowane IP?<\/a><\/p>\n<p><a href=\"\/pl\/czy-jest-mozliwosc-przekazywania-bazy-adresow-e-mail-przez-api-w-jaki-sposob-mozna-to-przeprowadzic\/\">Czy jest mo\u017cliwo\u015b\u0107 przekazywania bazy adres\u00f3w e-mail przez API? W jaki spos\u00f3b mo\u017cna to przeprowadzi\u0107?<\/a><\/p>\n<p><a href=\"\/pl\/czy-moge-sprawdzic-ktore-z-linkow-zewnetrznych-zawartych-w-wiadomosci-e-mail-performowaly-najlepiej\/\">Czy mog\u0119 sprawdzi\u0107, kt\u00f3re z link\u00f3w zewn\u0119trznych zawartych w wiadomo\u015bci e-mail performowa\u0142y najlepiej?<\/a><\/p>\n<p><a href=\"\/pl\/co-dzieje-sie-w-przypadku-zgod-jesli-dodam-baze-adresow-e-mail-poprzez-wgranie-ich-do-bazy\/\">Co dzieje si\u0119 w przypadku zg\u00f3d, je\u015bli dodam baz\u0119 adres\u00f3w e-mail poprzez wgranie ich do bazy?<\/a><\/p>\n<p><a href=\"\/pl\/chce-wyslac-urodzinowa-kampanie-mailingowa-czy-jest-to-mozliwe\/\">Chc\u0119 wys\u0142a\u0107 urodzinow\u0105 kampani\u0119 mailingow\u0105. Czy jest to mo\u017cliwe?<\/a><\/p>\n<p><a href=\"\/pl\/czy-istnieje-funkcjonalnosc-ulatwiajaca-badania-efektywnosci-linkow-zawartych-w-wiadomosciach-e-mail-w-kampanii-tzw-mapa-klikniec-w-linki\/\">Czy istnieje funkcjonalno\u015b\u0107 u\u0142atwiaj\u0105ca badania efektywno\u015bci link\u00f3w zawartych w wiadomo\u015bciach e-mail w kampanii, tzw. mapa klikni\u0119\u0107 w linki?<\/a><\/p>\n<p><a href=\"\/pl\/jak-sprawdzic-w-naszym-panelu-ze-spfy-i-dkimy-sa-skonfigurowane-poprawnie\/\">Jak sprawdzi\u0107 w naszym panelu, \u017ce SPFy i DKIMy s\u0105 skonfigurowane poprawnie?<\/a><\/p>\n<p><a href=\"\/pl\/czy-istnieje-mozliwosc-uruchomienia-kampanii-mailingowej-z-produktami-z-przedsprzedazy\/\">Czy istnieje mo\u017cliwo\u015b\u0107 uruchomienia kampanii mailingowej z produktami z przedsprzeda\u017cy?<\/a><\/p>\n","protected":false},"excerpt":{"rendered":"<p>FAQ Marketing Automation (us\u0142uga wycofana) Co oznaczaj\u0105 poszczeg\u00f3lne zgody w ustawieniach marketing automation? Czy mog\u0119 wgra\u0107 sw\u00f3j font do kreatora drag&amp;drop? Mam 2 sekwencje w kampanii mailowej. Jak liczy\u0107 czas wysy\u0142ki drugiego e-maila: po wys\u0142aniu [&hellip;]<\/p>\n","protected":false},"author":1,"featured_media":0,"parent":0,"menu_order":0,"comment_status":"closed","ping_status":"closed","template":"","meta":{"footnotes":""},"class_list":["post-2371","page","type-page","status-publish","hentry"],"aioseo_notices":[],"_links":{"self":[{"href":"https:\/\/help.quarticon.com\/pl\/wp-json\/wp\/v2\/pages\/2371","targetHints":{"allow":["GET"]}}],"collection":[{"href":"https:\/\/help.quarticon.com\/pl\/wp-json\/wp\/v2\/pages"}],"about":[{"href":"https:\/\/help.quarticon.com\/pl\/wp-json\/wp\/v2\/types\/page"}],"author":[{"embeddable":true,"href":"https:\/\/help.quarticon.com\/pl\/wp-json\/wp\/v2\/users\/1"}],"replies":[{"embeddable":true,"href":"https:\/\/help.quarticon.com\/pl\/wp-json\/wp\/v2\/comments?post=2371"}],"version-history":[{"count":3,"href":"https:\/\/help.quarticon.com\/pl\/wp-json\/wp\/v2\/pages\/2371\/revisions"}],"predecessor-version":[{"id":2440,"href":"https:\/\/help.quarticon.com\/pl\/wp-json\/wp\/v2\/pages\/2371\/revisions\/2440"}],"wp:attachment":[{"href":"https:\/\/help.quarticon.com\/pl\/wp-json\/wp\/v2\/media?parent=2371"}],"curies":[{"name":"wp","href":"https:\/\/api.w.org\/{rel}","templated":true}]}}