{"id":2369,"date":"2025-08-12T15:21:28","date_gmt":"2025-08-12T15:21:28","guid":{"rendered":"https:\/\/rs.quarticon.com\/?page_id=2369"},"modified":"2025-09-11T13:30:04","modified_gmt":"2025-09-11T13:30:04","slug":"faq-ai-smart-search","status":"publish","type":"page","link":"https:\/\/help.quarticon.com\/pl\/faq-ai-smart-search\/","title":{"rendered":"FAQ AI Smart Search"},"content":{"rendered":"<h2>FAQ AI Smart Search<\/h2>\n<p><a href=\"\/pl\/co-w-widoku-glownym-panelu-ai-ss-oznacza-sekcja-frazy-z-najliczniejsza-sprzedaza\/\">Co w widoku g\u0142\u00f3wnym panelu AI SS oznacza sekcja Frazy z najliczniejsz\u0105 sprzeda\u017c\u0105?<\/a><\/p>\n<p><a href=\"\/pl\/co-w-widoku-glownym-panelu-ai-ss-oznacza-sekcja-frazy-z-najwyzsza-sprzedaza\/\">Co w widoku g\u0142\u00f3wnym panelu AI SS oznacza sekcja Frazy z najwy\u017csz\u0105 sprzeda\u017c\u0105?<\/a><\/p>\n<p><a href=\"\/pl\/co-oznacza-w-raporcie-fraz-produktow-nazwa-kolumny-sprzedane\/\">Co oznacza w raporcie fraz\/produkt\u00f3w nazwa kolumny Sprzedane?<\/a><\/p>\n<p><a href=\"\/pl\/co-oznacza-w-raporcie-fraz-produktow-nazwa-kolumny-zakupy\/\">Co oznacza w raporcie fraz\/produkt\u00f3w nazwa kolumny Zakupy?<\/a><\/p>\n<p><a href=\"\/pl\/jak-mozesz-uatrakcyjnic-wyglad-swojego-autocomplete\/\">Jak mo\u017cesz uatrakcyjni\u0107 wygl\u0105d swojego autocomplete?<\/a><\/p>\n<p><a href=\"\/pl\/czy-moge-sprawdzic-ktore-frazy-byly-ostatnio-najczesciej-wyszukiwane-w-moim-sklepie\/\">Czy mog\u0119 sprawdzi\u0107, kt\u00f3re frazy by\u0142y ostatnio\/najcz\u0119\u015bciej wyszukiwane w moim sklepie?<\/a><\/p>\n<p><a href=\"\/pl\/jakie-jezyki-obsluguje-smart-search\/\">Jakie j\u0119zyki obs\u0142uguje Smart Search?<\/a><\/p>\n<p><a href=\"\/pl\/w-jakiej-kolejnosci-sa-prezentowane-wyniki-wyszukiwania-w-smart-search\/\">W jakiej kolejno\u015bci s\u0105 prezentowane wyniki wyszukiwania w Smart Search?<\/a><\/p>\n<p><a href=\"\/pl\/czy-istnieje-mozliwosc-sortowania-wynikow-wyszukiwania\/\">Czy istnieje mo\u017cliwo\u015b\u0107 sortowania wynik\u00f3w wyszukiwania?<\/a><\/p>\n<p><a href=\"\/pl\/czy-wyszukiwarka-moze-przeszukiwac-produkty-po-ich-parametrach\/\">Czy wyszukiwarka mo\u017ce przeszukiwa\u0107 produkty po ich parametrach?<\/a><\/p>\n<p><a href=\"\/pl\/co-musze-dostarczyc-w-przypadku-pakietu-smart-search-premium\/\">Co musz\u0119 dostarczy\u0107 w przypadku pakietu Smart Search Premium?<\/a><\/p>\n<p><a href=\"\/pl\/czy-korzystajac-ze-smart-search-pakiet-podstawowy-mozna-filtrowac-produkty-po-nazwie-producenta\/\">Czy korzystaj\u0105c ze Smart Search (pakiet podstawowy) mo\u017cna filtrowa\u0107 produkty po nazwie producenta?<\/a><\/p>\n<p><a href=\"\/pl\/jak-powinna-wygladac-strona-serp\/\">Jak powinna wygl\u0105da\u0107 strona SERP?<\/a><\/p>\n<p><a href=\"\/pl\/czy-moge-wykluczyc-wyswietlanie-produktow-bez-obrazkow-w-wynikach-smart-search\/\">Czy mog\u0119 wykluczy\u0107 wy\u015bwietlanie produkt\u00f3w bez obrazk\u00f3w w wynikach Smart Search?<\/a><\/p>\n<p><a href=\"\/pl\/chce-wyswietlac-produkty-dostepne-i-niedostepne-w-wynikach-wyszukiwania-smart-search-w-jakiej-kolejnosci-sie-one-pokaza\/\">Chc\u0119 wy\u015bwietla\u0107 produkty dost\u0119pne i niedost\u0119pne w wynikach wyszukiwania Smart Search. W jakiej kolejno\u015bci si\u0119 one poka\u017c\u0105?<\/a><\/p>\n<p><a href=\"\/pl\/czy-moge-wykluczyc-wyswietlanie-produktow-niedostepnych-w-wynikach-smart-search\/\">Czy mog\u0119 wykluczy\u0107 wy\u015bwietlanie produkt\u00f3w niedost\u0119pnych w wynikach Smart Search?<\/a><\/p>\n<p><a href=\"\/pl\/w-jaki-sposob-agregujecie-dane-i-co-dokladnie-znaczy-liczba-wyszukan-jakiego-rodzaju-sa-to-zdarzenia\/\">W jaki spos\u00f3b agregujecie dane i co dok\u0142adnie znaczy liczba wyszuka\u0144? Jakiego rodzaju s\u0105 to zdarzenia?<\/a><\/p>\n<p><a href=\"\/pl\/czy-istnieje-mozliwosc-oznakowania-produktow-jako-promocyjnych-i-poinformowania-o-czasie-dostawy-nakladka-na-zdjecia-produktow\/\">Czy istnieje mo\u017cliwo\u015b\u0107 oznakowania produkt\u00f3w jako promocyjnych i poinformowania o czasie dostawy (nak\u0142adka na zdj\u0119cia produkt\u00f3w)?<\/a><\/p>\n<p><a href=\"\/pl\/czy-istnieje-mozliwosc-dodania-opcji-dodaj-do-koszyka-na-liscie-wyszukiwania\/\">Czy istnieje mo\u017cliwo\u015b\u0107 dodania opcji \u201eDodaj do koszyka\u201d na li\u015bcie wyszukiwania?<\/a><\/p>\n","protected":false},"excerpt":{"rendered":"<p>FAQ AI Smart Search Co w widoku g\u0142\u00f3wnym panelu AI SS oznacza sekcja Frazy z najliczniejsz\u0105 sprzeda\u017c\u0105? Co w widoku g\u0142\u00f3wnym panelu AI SS oznacza sekcja Frazy z najwy\u017csz\u0105 sprzeda\u017c\u0105? Co oznacza w raporcie fraz\/produkt\u00f3w [&hellip;]<\/p>\n","protected":false},"author":1,"featured_media":0,"parent":0,"menu_order":0,"comment_status":"closed","ping_status":"closed","template":"","meta":{"footnotes":""},"class_list":["post-2369","page","type-page","status-publish","hentry"],"aioseo_notices":[],"_links":{"self":[{"href":"https:\/\/help.quarticon.com\/pl\/wp-json\/wp\/v2\/pages\/2369","targetHints":{"allow":["GET"]}}],"collection":[{"href":"https:\/\/help.quarticon.com\/pl\/wp-json\/wp\/v2\/pages"}],"about":[{"href":"https:\/\/help.quarticon.com\/pl\/wp-json\/wp\/v2\/types\/page"}],"author":[{"embeddable":true,"href":"https:\/\/help.quarticon.com\/pl\/wp-json\/wp\/v2\/users\/1"}],"replies":[{"embeddable":true,"href":"https:\/\/help.quarticon.com\/pl\/wp-json\/wp\/v2\/comments?post=2369"}],"version-history":[{"count":2,"href":"https:\/\/help.quarticon.com\/pl\/wp-json\/wp\/v2\/pages\/2369\/revisions"}],"predecessor-version":[{"id":2439,"href":"https:\/\/help.quarticon.com\/pl\/wp-json\/wp\/v2\/pages\/2369\/revisions\/2439"}],"wp:attachment":[{"href":"https:\/\/help.quarticon.com\/pl\/wp-json\/wp\/v2\/media?parent=2369"}],"curies":[{"name":"wp","href":"https:\/\/api.w.org\/{rel}","templated":true}]}}