{"id":2363,"date":"2025-08-12T15:13:42","date_gmt":"2025-08-12T15:13:42","guid":{"rendered":"https:\/\/rs.quarticon.com\/?page_id=2363"},"modified":"2025-09-11T13:29:34","modified_gmt":"2025-09-11T13:29:34","slug":"faq-ramki-rekomendacyjne","status":"publish","type":"page","link":"https:\/\/help.quarticon.com\/pl\/faq-ramki-rekomendacyjne\/","title":{"rendered":"FAQ &#8211; Ramki Rekomendacyjne"},"content":{"rendered":"<h2>FAQ Ramki rekomendacji<\/h2>\n<p><a href=\"\/pl\/chce-skorzystac-z-waszej-uslugi-i-utworzyc-w-moim-sklepie-ramki-rekomendacji-do-kogo-mam-sie-zglosic\/\">Chc\u0119 skorzysta\u0107 z Waszej us\u0142ugi i utworzy\u0107 w moim sklepie ramki rekomendacji. Do kogo mam si\u0119 zg\u0142osi\u0107?<\/a><\/p>\n<p><a href=\"\/pl\/czy-musze-dostosowac-sie-do-ukladu-strategii-quarticon-czy-moge-wprowadzic-wlasne-pomysly\/\">Czy musz\u0119 dostosowa\u0107 si\u0119 do uk\u0142adu strategii Quarticon, czy mog\u0119 wprowadzi\u0107 w\u0142asne pomys\u0142y?<\/a><\/p>\n<p><a href=\"\/pl\/czy-mozliwe-jest-zastosowanie-wielu-strategii-rekomendacji-w-jednym-miejscu-na-stronie\/\">Czy mo\u017cliwe jest zastosowanie wielu strategii rekomendacji w jednym miejscu na stronie?<\/a><\/p>\n<p><a href=\"\/pl\/czy-moge-stworzyc-ramke-rekomendacji-z-jednym-wybranym-produktem-np-w-logice-cross-selling\/\">Czy mog\u0119 stworzy\u0107 ramk\u0119 rekomendacji z jednym wybranym produktem np. w logice cross-selling?<\/a><\/p>\n<p><a href=\"\/pl\/chce-dodac-ramke-jak-moge-to-zrobic\/\">Chc\u0119 doda\u0107 ramk\u0119. Jak mog\u0119 to zrobi\u0107?<\/a><\/p>\n<p><a href=\"\/pl\/ile-widgetow-maksymalnie-moge-dodac-na-strone\/\">Ile widget\u00f3w maksymalnie mog\u0119 doda\u0107 na stron\u0119?<\/a><\/p>\n<p><a href=\"\/pl\/czy-moge-sam-edytowac-widgety\/\">Czy mog\u0119 sam edytowa\u0107 widgety?<\/a><\/p>\n<p><a href=\"\/pl\/chce-zmienic-tytul-ramki-jak-moge-to-zrobic\/\">Chc\u0119 zmieni\u0107 tytu\u0142 ramki. Jak mog\u0119 to zrobi\u0107?<\/a><\/p>\n<p><a href=\"\/pl\/czy-jest-mozliwosc-wzbogacenia-silnika-rekomendacji-o-archiwalne-transakcje-by-mogl-wyswietlac-odpowiednie-produkty-zanim-nauczy-sie-preferencji-uzytkownikow\/\">Czy jest mo\u017cliwo\u015b\u0107 wzbogacenia silnika rekomendacji o archiwalne transakcje, by m\u00f3g\u0142 wy\u015bwietla\u0107 odpowiednie produkty zanim nauczy si\u0119 preferencji u\u017cytkownik\u00f3w?<\/a><\/p>\n<p><a href=\"NA\">Czy w tytule ramki \\&#8221;Klienci, kt\u00f3rzy kupili ten produkt, wybrali tak\u017ce\\&#8221; mog\u0119 zast\u0105pi\u0107 \\&#8221;ten\\&#8221; nazw\u0105 konkretnego produktu?<\/a><\/p>\n<p><a href=\"\/pl\/jak-moge-sprawdzic-sprzedaz-wygenerowana-przez-konkretna-ramke-rekomendacyjna\/\">Jak mog\u0119 sprawdzi\u0107 sprzeda\u017c wygenerowan\u0105 przez konkretn\u0105 ramk\u0119 rekomendacyjn\u0105?<\/a><\/p>\n<p><a href=\"\/pl\/dlaczego-na-karcie-produktu-zamieszczone-sa-dwa-widgety-rekomendacji\/\">Dlaczego na karcie produktu zamieszczone s\u0105 dwa widgety rekomendacji?<\/a><\/p>\n<p><a href=\"\/pl\/jak-czesto-odswiezany-jest-katalog-produktow\/\">Jak cz\u0119sto od\u015bwie\u017cany jest katalog produkt\u00f3w?<\/a><\/p>\n<p><a href=\"\/pl\/w-moich-ramkach-rekomendacji-brakuje-zdjec-ceny-innych-istotnych-elementow-co-mam-zrobic\/\">W moich ramkach rekomendacji brakuje zdj\u0119\u0107\/ceny\/innych istotnych element\u00f3w. Co mam zrobi\u0107?<\/a><\/p>\n<p><a href=\"\/pl\/chce-wylaczyc-ramke-na-stronie-jak-moge-to-zrobic\/\">Chc\u0119 wy\u0142\u0105czy\u0107 ramk\u0119 na stronie. Jak mog\u0119 to zrobi\u0107?<\/a><\/p>\n<p><a href=\"\/pl\/ramki-rekomendacji-przestaly-sie-wyswietlac-na-mojej-stronie-co-mam-zrobic\/\">Ramki rekomendacji przesta\u0142y si\u0119 wy\u015bwietla\u0107 na mojej stronie. Co mam zrobi\u0107?<\/a><\/p>\n<p><a href=\"\/pl\/moje-ramki-rekomendacji-nie-generuja-sprzedazy-dlaczego\/\">Moje ramki rekomendacji nie generuj\u0105 sprzeda\u017cy. Dlaczego?<\/a><\/p>\n<p><a href=\"\/pl\/planuje-zmienic-szablon-mojej-strony-platforme-sprzedazowa-czy-bedzie-mialo-to-wplyw-na-wyswietlanie-ramek-rekomendacji\/\">Planuj\u0119 zmieni\u0107 szablon mojej strony\/platform\u0119 sprzeda\u017cow\u0105. Czy b\u0119dzie mia\u0142o to wp\u0142yw na wy\u015bwietlanie ramek rekomendacji?<\/a><\/p>\n<p><a href=\"\/pl\/co-sie-stanie-po-wlaczeniu-opcji-tasuj-wyniki-podczas-tworzenia-ramki\/\">Co si\u0119 stanie po w\u0142\u0105czeniu opcji \u201eTasuj wyniki\u201d podczas tworzenia ramki?<\/a><\/p>\n<p><a href=\"\/pl\/co-oznacza-opcja-filtrowanie-po-kategorii-i-co-sie-stanie-jesli-zaznacze-opcje-pobierz-z-produktu\/\">Co oznacza opcja Filtrowanie po kategorii i co si\u0119 stanie, je\u015bli zaznacz\u0119 opcj\u0119 \u201ePobierz z produktu\u201d?<\/a><\/p>\n<p><a href=\"NA\">Co oznacza pole min.\/max. % warto\u015bci ceny przy opcji filtrowania po cenie?<\/a><\/p>\n<p><a href=\"NA\">Czy macie w swojej ofercie powiadomienia social proof?<\/a><\/p>\n","protected":false},"excerpt":{"rendered":"<p>FAQ Ramki rekomendacji Chc\u0119 skorzysta\u0107 z Waszej us\u0142ugi i utworzy\u0107 w moim sklepie ramki rekomendacji. Do kogo mam si\u0119 zg\u0142osi\u0107? Czy musz\u0119 dostosowa\u0107 si\u0119 do uk\u0142adu strategii Quarticon, czy mog\u0119 wprowadzi\u0107 w\u0142asne pomys\u0142y? Czy mo\u017cliwe [&hellip;]<\/p>\n","protected":false},"author":1,"featured_media":0,"parent":0,"menu_order":0,"comment_status":"closed","ping_status":"closed","template":"","meta":{"footnotes":""},"class_list":["post-2363","page","type-page","status-publish","hentry"],"aioseo_notices":[],"_links":{"self":[{"href":"https:\/\/help.quarticon.com\/pl\/wp-json\/wp\/v2\/pages\/2363","targetHints":{"allow":["GET"]}}],"collection":[{"href":"https:\/\/help.quarticon.com\/pl\/wp-json\/wp\/v2\/pages"}],"about":[{"href":"https:\/\/help.quarticon.com\/pl\/wp-json\/wp\/v2\/types\/page"}],"author":[{"embeddable":true,"href":"https:\/\/help.quarticon.com\/pl\/wp-json\/wp\/v2\/users\/1"}],"replies":[{"embeddable":true,"href":"https:\/\/help.quarticon.com\/pl\/wp-json\/wp\/v2\/comments?post=2363"}],"version-history":[{"count":6,"href":"https:\/\/help.quarticon.com\/pl\/wp-json\/wp\/v2\/pages\/2363\/revisions"}],"predecessor-version":[{"id":2438,"href":"https:\/\/help.quarticon.com\/pl\/wp-json\/wp\/v2\/pages\/2363\/revisions\/2438"}],"wp:attachment":[{"href":"https:\/\/help.quarticon.com\/pl\/wp-json\/wp\/v2\/media?parent=2363"}],"curies":[{"name":"wp","href":"https:\/\/api.w.org\/{rel}","templated":true}]}}