{"id":203,"date":"2025-09-11T17:58:03","date_gmt":"2025-09-11T15:58:03","guid":{"rendered":"https:\/\/help.quarticon.com\/cs\/?page_id=203"},"modified":"2025-09-11T18:16:29","modified_gmt":"2025-09-11T16:16:29","slug":"znalostni","status":"publish","type":"page","link":"https:\/\/help.quarticon.com\/cs\/znalostni\/","title":{"rendered":"Znalostn\u00ed"},"content":{"rendered":"<h2>Znalostn\u00ed<\/h2>\n<p><a href='\/cs\/first-party-cookies-a-third-party-cookies-jak-se-li\/'>First-party cookies a third-party cookies: jak se li\u0161\u00ed?<\/a><\/p>\n<h2>Strategie pro doporu\u010den\u00ed produkt\u016f v obchod\u011b<\/h2>\n<p><a href='\/cs\/pklady-dobrch-doporuovacch-postup-kter-pouijete-za-5-minut\/'>P\u0159\u00edklady dobr\u00fdch doporu\u010dovac\u00edch postup\u016f, kter\u00e9 pou\u017eijete za 5 minut<\/a><\/p>\n<p><a href='\/cs\/nejlep-vyskakovac-okno-pro-elektronick-obchod\/'>Nejlep\u0161\u00ed vyskakovac\u00ed okno pro elektronick\u00fd obchod<\/a><\/p>\n<p><a href='\/cs\/jak-doshnout-zisku-z-reklamn-kampan\/'>Jak dos\u00e1hnout zisku z reklamn\u00ed kampan\u011b?<\/a><\/p>\n<p><a href='\/cs\/inn-strnka-s-vrobky-v-7-krocch-st-1\/'>\u00da\u010dinn\u00e1 str\u00e1nka s v\u00fdrobky v 7 kroc\u00edch. \u010c\u00e1st 1.<\/a><\/p>\n<p><a href='\/cs\/inn-strnka-s-vrobky-v-7-krocch-st-2\/'>\u00da\u010dinn\u00e1 str\u00e1nka s v\u00fdrobky v 7 kroc\u00edch. \u010c\u00e1st 2.<\/a><\/p>\n<p><a href='\/cs\/strategie-up-sell\/'>Strategie up-sell<\/a><\/p>\n<p><a href='\/cs\/jak-maximalizovat-vnos-z-jedn-transakce\/'>Jak maximalizovat v\u00fdnos z jedn\u00e9 transakce<\/a><\/p>\n<p><a href='\/cs\/vrobek-kter-nen-v-obchod-dostupn-me-tak-prodvat\/'>V\u00fdrobek, kter\u00fd nen\u00ed v obchod\u011b dostupn\u00fd, m\u016f\u017ee tak\u00e9 prod\u00e1vat!<\/a><\/p>\n<p><a href='\/cs\/podmnky-dodn-a-rentabilita-v-ecommerce\/'>Podm\u00ednky dod\u00e1n\u00ed a rentabilita v e\u2011commerce<\/a><\/p>\n<p><a href='\/cs\/strnka-koku-zda-jet-prodvat\/'>Str\u00e1nka ko\u0161\u00edku: zda je\u0161t\u011b prod\u00e1vat?<\/a><\/p>\n<p><a href='\/cs\/tvj-kok-je-przdn\/'>Tv\u016fj ko\u0161\u00edk je pr\u00e1zdn\u00fd!<\/a><\/p>\n<p><a href='\/cs\/stav-objednvky-kter-generuje-dodaten-prodej\/'>Stav objedn\u00e1vky, kter\u00fd generuje dodate\u010dn\u00fd prodej?<\/a><\/p>\n<p><a href='\/cs\/jak-vyut-potencil-thank-you-page\/'>Jak vyu\u017e\u00edt potenci\u00e1l Thank You Page?<\/a><\/p>\n<p><a href='\/cs\/chybov-strnka-404-kter-konvertuje\/'>Chybov\u00e1 str\u00e1nka 404, kter\u00e1 konvertuje?<\/a><\/p>\n<p><a href='\/cs\/vyhbej-se-strnce-s-absenc-vyhledvn\/'>Vyh\u00fdbej se str\u00e1nce s absenc\u00ed vyhled\u00e1v\u00e1n\u00ed!<\/a><\/p>\n<p><a href='\/cs\/jak-vrtit-zkaznka-do-obchodu\/'>Jak vr\u00e1tit z\u00e1kazn\u00edka do obchodu?<\/a><\/p>\n","protected":false},"excerpt":{"rendered":"<p>Znalostn\u00ed First-party cookies a third-party cookies: jak se li\u0161\u00ed? Strategie pro doporu\u010den\u00ed produkt\u016f v obchod\u011b P\u0159\u00edklady dobr\u00fdch doporu\u010dovac\u00edch postup\u016f, kter\u00e9 pou\u017eijete za 5 minut Nejlep\u0161\u00ed vyskakovac\u00ed okno pro elektronick\u00fd obchod Jak dos\u00e1hnout zisku z reklamn\u00ed [&hellip;]<\/p>\n","protected":false},"author":1,"featured_media":0,"parent":0,"menu_order":0,"comment_status":"closed","ping_status":"closed","template":"","meta":{"footnotes":""},"class_list":["post-203","page","type-page","status-publish","hentry"],"_links":{"self":[{"href":"https:\/\/help.quarticon.com\/cs\/wp-json\/wp\/v2\/pages\/203","targetHints":{"allow":["GET"]}}],"collection":[{"href":"https:\/\/help.quarticon.com\/cs\/wp-json\/wp\/v2\/pages"}],"about":[{"href":"https:\/\/help.quarticon.com\/cs\/wp-json\/wp\/v2\/types\/page"}],"author":[{"embeddable":true,"href":"https:\/\/help.quarticon.com\/cs\/wp-json\/wp\/v2\/users\/1"}],"replies":[{"embeddable":true,"href":"https:\/\/help.quarticon.com\/cs\/wp-json\/wp\/v2\/comments?post=203"}],"version-history":[{"count":3,"href":"https:\/\/help.quarticon.com\/cs\/wp-json\/wp\/v2\/pages\/203\/revisions"}],"predecessor-version":[{"id":215,"href":"https:\/\/help.quarticon.com\/cs\/wp-json\/wp\/v2\/pages\/203\/revisions\/215"}],"wp:attachment":[{"href":"https:\/\/help.quarticon.com\/cs\/wp-json\/wp\/v2\/media?parent=203"}],"curies":[{"name":"wp","href":"https:\/\/api.w.org\/{rel}","templated":true}]}}