{"id":199,"date":"2025-09-11T17:55:52","date_gmt":"2025-09-11T15:55:52","guid":{"rendered":"https:\/\/help.quarticon.com\/cs\/?page_id=199"},"modified":"2025-09-11T18:22:37","modified_gmt":"2025-09-11T16:22:37","slug":"uvod","status":"publish","type":"page","link":"https:\/\/help.quarticon.com\/cs\/","title":{"rendered":"\u00davod"},"content":{"rendered":"<p>Tato str\u00e1nka byla vytvo\u0159ena pro v\u0161echny, kte\u0159\u00ed se cht\u011bj\u00ed nau\u010dit nov\u00e9 znalosti a dovednosti souvisej\u00edc\u00ed s technologi\u00ed Quarticon. Najdete zde bohatou sb\u00edrku n\u00e1vod\u016f, podrobn\u00fdch pr\u016fvodc\u016f a sekci FAQ, kter\u00e1 v\u00e1m pom\u016f\u017ee vy\u0159e\u0161it v\u0161echny va\u0161e pochybnosti. A\u0165 u\u017e jste za\u010d\u00e1te\u010dn\u00edk nebo zku\u0161en\u00fd u\u017eivatel na\u0161ich syst\u00e9m\u016f, na\u0161e zdroje jsou p\u0159izp\u016fsobeny va\u0161im pot\u0159eb\u00e1m.<\/p>\n<p>Vyz\u00fdv\u00e1me v\u00e1s, abyste prozkoumali a objevili, jak v\u00e1m na\u0161e materi\u00e1ly mohou usnadnit \u017eivot a pomoci v\u00e1m dos\u00e1hnout va\u0161ich c\u00edl\u016f. Pokud m\u00e1te n\u011bjak\u00e9 dotazy nebo pot\u0159ebujete dal\u0161\u00ed informace, nev\u00e1hejte n\u00e1s kontaktovat!<\/p>\n<h3>Z\u00e1kladn\u00ed informace<\/h3>\n<p><a href='\/cs\/balky-technick-podpory-it-pro-zkaznky-quarticon\/'>Bal\u00ed\u010dky technick\u00e9 podpory IT pro z\u00e1kazn\u00edky QuarticOn<\/a><\/p>\n<p><a href='\/cs\/first-party-cookie\/'>First-party cookie<\/a><\/p>\n<p><a href='\/cs\/pokyny-k-implementaci-first-party-cookie\/'>Pokyny k implementaci first-party cookie<\/a><\/p>\n","protected":false},"excerpt":{"rendered":"<p>Tato str\u00e1nka byla vytvo\u0159ena pro v\u0161echny, kte\u0159\u00ed se cht\u011bj\u00ed nau\u010dit nov\u00e9 znalosti a dovednosti souvisej\u00edc\u00ed s technologi\u00ed Quarticon. Najdete zde bohatou sb\u00edrku n\u00e1vod\u016f, podrobn\u00fdch pr\u016fvodc\u016f a sekci FAQ, kter\u00e1 v\u00e1m pom\u016f\u017ee vy\u0159e\u0161it v\u0161echny va\u0161e pochybnosti. [&hellip;]<\/p>\n","protected":false},"author":1,"featured_media":0,"parent":0,"menu_order":0,"comment_status":"closed","ping_status":"closed","template":"","meta":{"footnotes":""},"class_list":["post-199","page","type-page","status-publish","hentry"],"_links":{"self":[{"href":"https:\/\/help.quarticon.com\/cs\/wp-json\/wp\/v2\/pages\/199","targetHints":{"allow":["GET"]}}],"collection":[{"href":"https:\/\/help.quarticon.com\/cs\/wp-json\/wp\/v2\/pages"}],"about":[{"href":"https:\/\/help.quarticon.com\/cs\/wp-json\/wp\/v2\/types\/page"}],"author":[{"embeddable":true,"href":"https:\/\/help.quarticon.com\/cs\/wp-json\/wp\/v2\/users\/1"}],"replies":[{"embeddable":true,"href":"https:\/\/help.quarticon.com\/cs\/wp-json\/wp\/v2\/comments?post=199"}],"version-history":[{"count":3,"href":"https:\/\/help.quarticon.com\/cs\/wp-json\/wp\/v2\/pages\/199\/revisions"}],"predecessor-version":[{"id":220,"href":"https:\/\/help.quarticon.com\/cs\/wp-json\/wp\/v2\/pages\/199\/revisions\/220"}],"wp:attachment":[{"href":"https:\/\/help.quarticon.com\/cs\/wp-json\/wp\/v2\/media?parent=199"}],"curies":[{"name":"wp","href":"https:\/\/api.w.org\/{rel}","templated":true}]}}