{"id":197,"date":"2025-09-11T17:54:50","date_gmt":"2025-09-11T15:54:50","guid":{"rendered":"https:\/\/help.quarticon.com\/cs\/?page_id=197"},"modified":"2025-09-11T18:18:51","modified_gmt":"2025-09-11T16:18:51","slug":"systemy","status":"publish","type":"page","link":"https:\/\/help.quarticon.com\/cs\/systemy\/","title":{"rendered":"Systemy"},"content":{"rendered":"<h2>Shoper<\/h2>\n<p><a href='\/cs\/aplikace-quarticon-na-shoper-pl\/'>Aplikace QuarticOn na Shoper.pl<\/a><\/p>\n<p><a href='\/cs\/faq-systemy\/'>FAQ<\/a><\/p>\n<h2>Shopify<\/h2>\n<p><a href='\/cs\/aplikace-happy-cart\/'>Aplikace Happy Cart<\/a><\/p>\n<p><a href='\/cs\/instalace-aplikace-happy-cart\/'>Instalace aplikace Happy Cart<\/a><\/p>\n<p><a href='\/cs\/happy-cart-pro-vvoje\/'>Happy Cart pro v\u00fdvoj\u00e1\u0159e<\/a><\/p>\n<p><a href='\/cs\/faq-systemy\/'>FAQ<\/a><\/p>\n<h2>Shoptet.cz<\/h2>\n<p><a href='\/cs\/shoptet-doplnk\/'>Shoptet dopln\u011bk<\/a><\/p>\n<p><a href='\/cs\/nvod-pro-odblokovn-katalogu-feed\/'>N\u00e1vod pro odblokov\u00e1n\u00ed katalogu feed<\/a><\/p>\n<p><a href='\/cs\/faq-systemy\/'>FAQ<\/a><\/p>\n","protected":false},"excerpt":{"rendered":"<p>Shoper Aplikace QuarticOn na Shoper.pl FAQ Shopify Aplikace Happy Cart Instalace aplikace Happy Cart Happy Cart pro v\u00fdvoj\u00e1\u0159e FAQ Shoptet.cz Shoptet dopln\u011bk N\u00e1vod pro odblokov\u00e1n\u00ed katalogu feed FAQ<\/p>\n","protected":false},"author":1,"featured_media":0,"parent":0,"menu_order":0,"comment_status":"closed","ping_status":"closed","template":"","meta":{"footnotes":""},"class_list":["post-197","page","type-page","status-publish","hentry"],"_links":{"self":[{"href":"https:\/\/help.quarticon.com\/cs\/wp-json\/wp\/v2\/pages\/197","targetHints":{"allow":["GET"]}}],"collection":[{"href":"https:\/\/help.quarticon.com\/cs\/wp-json\/wp\/v2\/pages"}],"about":[{"href":"https:\/\/help.quarticon.com\/cs\/wp-json\/wp\/v2\/types\/page"}],"author":[{"embeddable":true,"href":"https:\/\/help.quarticon.com\/cs\/wp-json\/wp\/v2\/users\/1"}],"replies":[{"embeddable":true,"href":"https:\/\/help.quarticon.com\/cs\/wp-json\/wp\/v2\/comments?post=197"}],"version-history":[{"count":2,"href":"https:\/\/help.quarticon.com\/cs\/wp-json\/wp\/v2\/pages\/197\/revisions"}],"predecessor-version":[{"id":217,"href":"https:\/\/help.quarticon.com\/cs\/wp-json\/wp\/v2\/pages\/197\/revisions\/217"}],"wp:attachment":[{"href":"https:\/\/help.quarticon.com\/cs\/wp-json\/wp\/v2\/media?parent=197"}],"curies":[{"name":"wp","href":"https:\/\/api.w.org\/{rel}","templated":true}]}}