{"id":195,"date":"2025-09-11T17:53:56","date_gmt":"2025-09-11T15:53:56","guid":{"rendered":"https:\/\/help.quarticon.com\/cs\/?page_id=195"},"modified":"2025-09-11T18:21:15","modified_gmt":"2025-09-11T16:21:15","slug":"doporuceni-produktu","status":"publish","type":"page","link":"https:\/\/help.quarticon.com\/cs\/doporuceni-produktu\/","title":{"rendered":"Doporu\u010den\u00ed produkt\u016f\u200b\u200b"},"content":{"rendered":"<h2>Nasazen\u00ed pomoc\u00ed rozhran\u00ed REST API<\/h2>\n<p><a href='NA'>Nasazen\u00ed pomoc\u00ed rozhran\u00ed REST API &#8211; je tato metoda pro v\u00e1s?<\/a><\/p>\n<h2>Vlastn\u00ed implementace<\/h2>\n<p><a href='NA'>Vlastn\u00ed implementace &#8211; jak na to?<\/a><\/p>\n<h2><\/h2>\n<p><a href='\/cs\/jak-zkontrolovat-id-produktu-v-katalogu-produkt\/'>Jak zkontrolovat ID produktu v katalogu produkt\u016f?<\/a><\/p>\n<p><a href='\/cs\/jak-st-zprvu\/'>Jak \u010d\u00edst zpr\u00e1vu?<\/a><\/p>\n<h2>Nastaven\u00ed<\/h2>\n<p><a href='\/cs\/registrace\/'>Registrace<\/a><\/p>\n<p><a href='\/cs\/pihlen-k-panelu\/'>P\u0159ihl\u00e1\u0161en\u00ed k panelu<\/a><\/p>\n<p><a href='\/cs\/zmna-hesla\/'>Zm\u011bna hesla<\/a><\/p>\n<p><a href='\/cs\/pidn-platebn-karty\/'>P\u0159id\u00e1n\u00ed platebn\u00ed karty<\/a><\/p>\n<p><a href='\/cs\/pidn-novho-uivatele\/'>P\u0159id\u00e1n\u00ed nov\u00e9ho u\u017eivatele<\/a><\/p>\n","protected":false},"excerpt":{"rendered":"<p>Nasazen\u00ed pomoc\u00ed rozhran\u00ed REST API Nasazen\u00ed pomoc\u00ed rozhran\u00ed REST API &#8211; je tato metoda pro v\u00e1s? Vlastn\u00ed implementace Vlastn\u00ed implementace &#8211; jak na to? Jak zkontrolovat ID produktu v katalogu produkt\u016f? Jak \u010d\u00edst zpr\u00e1vu? Nastaven\u00ed [&hellip;]<\/p>\n","protected":false},"author":1,"featured_media":0,"parent":0,"menu_order":0,"comment_status":"closed","ping_status":"closed","template":"","meta":{"footnotes":""},"class_list":["post-195","page","type-page","status-publish","hentry"],"_links":{"self":[{"href":"https:\/\/help.quarticon.com\/cs\/wp-json\/wp\/v2\/pages\/195","targetHints":{"allow":["GET"]}}],"collection":[{"href":"https:\/\/help.quarticon.com\/cs\/wp-json\/wp\/v2\/pages"}],"about":[{"href":"https:\/\/help.quarticon.com\/cs\/wp-json\/wp\/v2\/types\/page"}],"author":[{"embeddable":true,"href":"https:\/\/help.quarticon.com\/cs\/wp-json\/wp\/v2\/users\/1"}],"replies":[{"embeddable":true,"href":"https:\/\/help.quarticon.com\/cs\/wp-json\/wp\/v2\/comments?post=195"}],"version-history":[{"count":2,"href":"https:\/\/help.quarticon.com\/cs\/wp-json\/wp\/v2\/pages\/195\/revisions"}],"predecessor-version":[{"id":219,"href":"https:\/\/help.quarticon.com\/cs\/wp-json\/wp\/v2\/pages\/195\/revisions\/219"}],"wp:attachment":[{"href":"https:\/\/help.quarticon.com\/cs\/wp-json\/wp\/v2\/media?parent=195"}],"curies":[{"name":"wp","href":"https:\/\/api.w.org\/{rel}","templated":true}]}}