{"id":193,"date":"2025-09-11T17:51:29","date_gmt":"2025-09-11T15:51:29","guid":{"rendered":"https:\/\/help.quarticon.com\/cs\/?page_id=193"},"modified":"2025-09-11T18:19:28","modified_gmt":"2025-09-11T16:19:28","slug":"smart-search","status":"publish","type":"page","link":"https:\/\/help.quarticon.com\/cs\/smart-search\/","title":{"rendered":"Smart Search"},"content":{"rendered":"<h2>Implementace<\/h2>\n<p><a href='\/cs\/smart-search-samostatn-implementace-vzhledu-a-sledovn-transakc-klientem\/'>Smart Search \u2013 samostatn\u00e1 implementace vzhledu a sledov\u00e1n\u00ed transakc\u00ed klientem<\/a><\/p>\n<h2><\/h2>\n<p><a href='\/cs\/jak-pouvat-funkci-blokovan-frze\/'>Jak pou\u017e\u00edvat funkci Blokovan\u00e9 fr\u00e1ze?<\/a><\/p>\n<p><a href='\/cs\/jak-pouvat-funkci-neohebn-frze\/'>Jak pou\u017e\u00edvat funkci Neohebn\u00e9 fr\u00e1ze?<\/a><\/p>\n<p><a href='\/cs\/faq-systemy\/'>FAQ<\/a><\/p>\n","protected":false},"excerpt":{"rendered":"<p>Implementace Smart Search \u2013 samostatn\u00e1 implementace vzhledu a sledov\u00e1n\u00ed transakc\u00ed klientem Jak pou\u017e\u00edvat funkci Blokovan\u00e9 fr\u00e1ze? Jak pou\u017e\u00edvat funkci Neohebn\u00e9 fr\u00e1ze? FAQ<\/p>\n","protected":false},"author":1,"featured_media":0,"parent":0,"menu_order":0,"comment_status":"closed","ping_status":"closed","template":"","meta":{"footnotes":""},"class_list":["post-193","page","type-page","status-publish","hentry"],"_links":{"self":[{"href":"https:\/\/help.quarticon.com\/cs\/wp-json\/wp\/v2\/pages\/193","targetHints":{"allow":["GET"]}}],"collection":[{"href":"https:\/\/help.quarticon.com\/cs\/wp-json\/wp\/v2\/pages"}],"about":[{"href":"https:\/\/help.quarticon.com\/cs\/wp-json\/wp\/v2\/types\/page"}],"author":[{"embeddable":true,"href":"https:\/\/help.quarticon.com\/cs\/wp-json\/wp\/v2\/users\/1"}],"replies":[{"embeddable":true,"href":"https:\/\/help.quarticon.com\/cs\/wp-json\/wp\/v2\/comments?post=193"}],"version-history":[{"count":2,"href":"https:\/\/help.quarticon.com\/cs\/wp-json\/wp\/v2\/pages\/193\/revisions"}],"predecessor-version":[{"id":218,"href":"https:\/\/help.quarticon.com\/cs\/wp-json\/wp\/v2\/pages\/193\/revisions\/218"}],"wp:attachment":[{"href":"https:\/\/help.quarticon.com\/cs\/wp-json\/wp\/v2\/media?parent=193"}],"curies":[{"name":"wp","href":"https:\/\/api.w.org\/{rel}","templated":true}]}}